{"id":1611,"date":"2020-12-21T11:30:37","date_gmt":"2020-12-21T11:30:37","guid":{"rendered":"https:\/\/domainewalbaum.com\/?page_id=1611"},"modified":"2025-11-10T14:10:24","modified_gmt":"2025-11-10T13:10:24","slug":"domaine-viticole","status":"publish","type":"page","link":"https:\/\/domainewalbaum.com\/en\/domaine-viticole\/","title":{"rendered":"Estate"},"content":{"rendered":"<p>[et_pb_section fb_built=\u00a0\u00bb1&Prime; _builder_version=\u00a0\u00bb4.16&Prime; _module_preset=\u00a0\u00bbdefault\u00a0\u00bb background_image=\u00a0\u00bbhttps:\/\/domainewalbaum.com\/wp-content\/uploads\/2021\/01\/COUVERTURE-page-Domaine-MENU-ACCUEIL-Domaine-scaled.jpg\u00a0\u00bb custom_padding=\u00a0\u00bb10%||10%||false|false\u00a0\u00bb global_colors_info=\u00a0\u00bb{}\u00a0\u00bb][et_pb_row _builder_version=\u00a0\u00bb4.16&Prime; _module_preset=\u00a0\u00bbdefault\u00a0\u00bb global_colors_info=\u00a0\u00bb{}\u00a0\u00bb][et_pb_column type=\u00a0\u00bb4_4&Prime; _builder_version=\u00a0\u00bb4.16&Prime; _module_preset=\u00a0\u00bbdefault\u00a0\u00bb global_colors_info=\u00a0\u00bb{}\u00a0\u00bb][\/et_pb_column][\/et_pb_row][\/et_pb_section][et_pb_section fb_built=\u00a0\u00bb1&Prime; admin_label=\u00a0\u00bbID domaine-histoire\u00a0\u00bb module_id=\u00a0\u00bbdomaine-histoire\u00a0\u00bb _builder_version=\u00a0\u00bb4.16&Prime; _module_preset=\u00a0\u00bbdefault\u00a0\u00bb custom_padding=\u00a0\u00bb||0px|||\u00a0\u00bb global_colors_info=\u00a0\u00bb{}\u00a0\u00bb][et_pb_row _builder_version=\u00a0\u00bb4.16&Prime; _module_preset=\u00a0\u00bbdefault\u00a0\u00bb global_colors_info=\u00a0\u00bb{}\u00a0\u00bb][et_pb_column type=\u00a0\u00bb4_4&Prime; _builder_version=\u00a0\u00bb4.16&Prime; _module_preset=\u00a0\u00bbdefault\u00a0\u00bb global_colors_info=\u00a0\u00bb{}\u00a0\u00bb][et_pb_text _builder_version=\u00a0\u00bb4.27.0&Prime; _module_preset=\u00a0\u00bbdefault\u00a0\u00bb header_font=\u00a0\u00bbRomantic couple|700|||||||\u00a0\u00bb header_text_align=\u00a0\u00bbcenter\u00a0\u00bb header_text_color=\u00a0\u00bb#b48f7b\u00a0\u00bb header_font_size=\u00a0\u00bb60px\u00a0\u00bb global_colors_info=\u00a0\u00bb{}\u00a0\u00bb]<\/p>\n<h1><img loading=\"lazy\" decoding=\"async\" class=\"wp-image-47 alignnone size-full\" src=\"https:\/\/domainewalbaum.com\/wp-content\/uploads\/2020\/12\/separateur.png\" alt=\"\" width=\"174\" height=\"4\" style=\"vertical-align: middle;\" srcset=\"https:\/\/domainewalbaum.com\/wp-content\/uploads\/2020\/12\/separateur.png 174w, https:\/\/domainewalbaum.com\/wp-content\/uploads\/2020\/12\/separateur-150x4.png 150w, https:\/\/domainewalbaum.com\/wp-content\/uploads\/2020\/12\/separateur-18x1.png 18w\" sizes=\"(max-width: 174px) 100vw, 174px\" \/> L&rsquo;histoire du domaine Walbaum <img loading=\"lazy\" decoding=\"async\" class=\"wp-image-47 alignnone size-full\" src=\"https:\/\/domainewalbaum.com\/wp-content\/uploads\/2020\/12\/separateur.png\" alt=\"\" width=\"174\" height=\"4\" style=\"vertical-align: middle;\" srcset=\"https:\/\/domainewalbaum.com\/wp-content\/uploads\/2020\/12\/separateur.png 174w, https:\/\/domainewalbaum.com\/wp-content\/uploads\/2020\/12\/separateur-150x4.png 150w, https:\/\/domainewalbaum.com\/wp-content\/uploads\/2020\/12\/separateur-18x1.png 18w\" sizes=\"(max-width: 174px) 100vw, 174px\" \/><\/h1>\n<p>[\/et_pb_text][et_pb_text admin_label=\u00a0\u00bbLe Domaine Walbaum est issu d\u2019une longue tradition viticole familiale\u2026\u00a0\u00bb _builder_version=\u00a0\u00bb4.27.4&Prime; _module_preset=\u00a0\u00bbdefault\u00a0\u00bb header_font_size=\u00a0\u00bb22px\u00a0\u00bb header_3_text_align=\u00a0\u00bbcenter\u00a0\u00bb custom_padding=\u00a0\u00bb2%||2%||true|false\u00a0\u00bb global_colors_info=\u00a0\u00bb{}\u00a0\u00bb]<\/p>\n<p>Le <a href=\"https:\/\/domainewalbaum.com\/\">Domaine Walbaum<\/a> est un domaine viticole issu d\u2019une longue tradition viticole familiale. Une histoire profond\u00e9ment enracin\u00e9e dans ce terroir d&rsquo;exception des portes des Gorges de l&rsquo;Ard\u00e8che, o\u00f9 plusieurs g\u00e9n\u00e9rations se sont succ\u00e9d\u00e9 dans la passion du vin et le respect des vignes. D\u00e9couvrez notre service d&rsquo;<a href=\"https:\/\/domainewalbaum.com\/hotel-villa-walbaum\/\">H\u00f4tel 4 \u00e9toiles en Ard\u00e8che<\/a>.<\/p>\n<p>Du d\u00e9but du 19\u00e8me si\u00e8cle \u00e0 aujourd&rsquo;hui, le domaine a lentement grandi sous l&rsquo;impulsion de vignerons passionn\u00e9s, ajoutant parcelles de vignes, b\u00e2timents, cuves et chais au fil des d\u00e9cennies. Une qu\u00eate perp\u00e9tuelle de qualit\u00e9 et d&rsquo;excellence qui se perp\u00e9tue encore aujourd&rsquo;hui.<\/p>\n<p>D\u00e9sormais converti \u00e0 l&rsquo;agriculture biologique depuis 2021, le vignoble Walbaum s&rsquo;\u00e9tend sur pr\u00e8s de 50 hectares de coteaux de galets roul\u00e9s et de terres argilo-calcaires. Un terroir d&rsquo;exception o\u00f9 sont cultiv\u00e9s avec soin les c\u00e9pages embl\u00e9matiques de la r\u00e9gion. D\u00e9couvrez <a href=\"https:\/\/domainewalbaum.com\/vignoble-walbaum\/\">le vignoble<\/a> en d\u00e9tail.<\/p>\n<p>C&rsquo;est dans ce cadre privil\u00e9gi\u00e9, au c\u0153ur de parcelles s\u00e9culaires parfois \u00e2g\u00e9es de plus de 50 ans, que la famille Walbaum perp\u00e9tue son savoir-faire avec la m\u00eame passion intacte depuis pr\u00e8s de 200 ans&#8230;<\/p>\n<p>[\/et_pb_text][\/et_pb_column][\/et_pb_row][\/et_pb_section][et_pb_section fb_built=\u00a0\u00bb1&Prime; _builder_version=\u00a0\u00bb4.27.0&Prime; _module_preset=\u00a0\u00bbdefault\u00a0\u00bb global_colors_info=\u00a0\u00bb{}\u00a0\u00bb][et_pb_row _builder_version=\u00a0\u00bb4.16&Prime; _module_preset=\u00a0\u00bbdefault\u00a0\u00bb global_colors_info=\u00a0\u00bb{}\u00a0\u00bb][et_pb_column type=\u00a0\u00bb4_4&Prime; _builder_version=\u00a0\u00bb4.16&Prime; _module_preset=\u00a0\u00bbdefault\u00a0\u00bb global_colors_info=\u00a0\u00bb{}\u00a0\u00bb][dsm_text_divider header=\u00a0\u00bbUne histoire de passion\u00a0\u00bb color=\u00a0\u00bb#b48f7b\u00a0\u00bb divider_weight=\u00a0\u00bb4px\u00a0\u00bb _builder_version=\u00a0\u00bb4.27.0&Prime; _module_preset=\u00a0\u00bbdefault\u00a0\u00bb header_level=\u00a0\u00bbh2&Prime; header_font=\u00a0\u00bbRomantic couple|700|||||||\u00a0\u00bb header_text_color=\u00a0\u00bb#b48f7b\u00a0\u00bb header_font_size=\u00a0\u00bb60px\u00a0\u00bb width=\u00a0\u00bb70%\u00a0\u00bb module_alignment=\u00a0\u00bbcenter\u00a0\u00bb global_colors_info=\u00a0\u00bb{}\u00a0\u00bb][\/dsm_text_divider][\/et_pb_column][\/et_pb_row][et_pb_row column_structure=\u00a0\u00bb2_5,3_5&Prime; _builder_version=\u00a0\u00bb4.27.0&Prime; _module_preset=\u00a0\u00bbdefault\u00a0\u00bb global_colors_info=\u00a0\u00bb{}\u00a0\u00bb][et_pb_column type=\u00a0\u00bb2_5&Prime; _builder_version=\u00a0\u00bb4.16&Prime; _module_preset=\u00a0\u00bbdefault\u00a0\u00bb global_colors_info=\u00a0\u00bb{}\u00a0\u00bb][et_pb_image src=\u00a0\u00bbhttps:\/\/domainewalbaum.com\/wp-content\/uploads\/2020\/12\/fondateur.png\u00a0\u00bb alt=\u00a0\u00bbDomaine viticole\u00a0\u00bb title_text=\u00a0\u00bbfondateur\u00a0\u00bb align_tablet=\u00a0\u00bbcenter\u00a0\u00bb align_phone=\u00a0\u00bbcenter\u00a0\u00bb align_last_edited=\u00a0\u00bbon|tablet\u00a0\u00bb _builder_version=\u00a0\u00bb4.27.0&Prime; _module_preset=\u00a0\u00bbdefault\u00a0\u00bb width=\u00a0\u00bb90%\u00a0\u00bb animation_direction=\u00a0\u00bbleft\u00a0\u00bb global_colors_info=\u00a0\u00bb{}\u00a0\u00bb][\/et_pb_image][\/et_pb_column][et_pb_column type=\u00a0\u00bb3_5&Prime; _builder_version=\u00a0\u00bb4.16&Prime; _module_preset=\u00a0\u00bbdefault\u00a0\u00bb global_colors_info=\u00a0\u00bb{}\u00a0\u00bb][et_pb_text _builder_version=\u00a0\u00bb4.27.0&Prime; _module_preset=\u00a0\u00bbdefault\u00a0\u00bb text_font=\u00a0\u00bb||||||||\u00a0\u00bb custom_padding=\u00a0\u00bb4%||||false|false\u00a0\u00bb animation_direction=\u00a0\u00bbright\u00a0\u00bb global_colors_info=\u00a0\u00bb{}\u00a0\u00bb]<\/p>\n<h3><strong><em>Du d\u00e9but du 19<sup>\u00e8me<\/sup> \u2026<\/em><\/strong><\/h3>\n<p>\u00c0 l&rsquo;origine de cette histoire, quelques arpents de vignes et deux hommes passionn\u00e9s : Louis-Jacques CLARON et son fils Jacques-Louis. Nous sommes au d\u00e9but du 19\u00e8me si\u00e8cle, \u00e0 l&rsquo;entr\u00e9e de Vallon Pont d&rsquo;Arc, au lieu-dit \u00ab\u00a0La Tannerie\u00a0\u00bb. Les vignes sont bien expos\u00e9es. Le travail est rude, le vin aussi !<\/p>\n<p>C&rsquo;est leur fils, puis petit-fils, Louis Claron, ing\u00e9nieur agronome enseignant et chercheur \u00e0 l&rsquo;Ecole Nationale d&rsquo;Agriculture de Montpellier, qui agrandit le <a href=\"https:\/\/www.pontdarc-ardeche.fr\/degustation\/domaine-du-colombier-vallon-pont-darc\/\" rel=\"nofollow\" data-schema-attribute=\"\">Domaine du Colombier<\/a> jusqu&rsquo;en 1896, il construit \u00e0 la m\u00eame \u00e9poque la cave du Colombier, achev\u00e9e en 1900.<\/p>\n<p>\u00c0 sa disparition, au lendemain de la guerre, sa fille a\u00een\u00e9e, Aline Walbaum, reprend la gestion du Domaine. Ses fils, Patrice et Christian, vont planter des c\u00e9pages \u00ab\u00a0Vinifera\u00a0\u00bb recommand\u00e9s, tels le Carignan, le Grenache, le Cinsault. \u00c0 la fin des ann\u00e9es 60, le vignoble repr\u00e9sente plus de 50 hectares.<\/p>\n<p>Les difficult\u00e9s du march\u00e9 vinicole ne les d\u00e9couragent pas ! Au contraire, ils r\u00e9orientent la production vers une d\u00e9marche de qualit\u00e9. Christian sera le co-fondateur de la F\u00e9d\u00e9ration des Caves Particuli\u00e8res de l&rsquo;Ard\u00e8che.<\/p>\n<p>[\/et_pb_text][\/et_pb_column][\/et_pb_row][et_pb_row column_structure=\u00a0\u00bb3_5,2_5&Prime; _builder_version=\u00a0\u00bb4.16&Prime; _module_preset=\u00a0\u00bbdefault\u00a0\u00bb global_colors_info=\u00a0\u00bb{}\u00a0\u00bb][et_pb_column type=\u00a0\u00bb3_5&Prime; _builder_version=\u00a0\u00bb4.16&Prime; _module_preset=\u00a0\u00bbdefault\u00a0\u00bb global_colors_info=\u00a0\u00bb{}\u00a0\u00bb][et_pb_text _builder_version=\u00a0\u00bb4.27.0&Prime; _module_preset=\u00a0\u00bbdefault\u00a0\u00bb text_font=\u00a0\u00bb||||||||\u00a0\u00bb text_font_size=\u00a0\u00bb15px\u00a0\u00bb animation_direction=\u00a0\u00bbleft\u00a0\u00bb global_colors_info=\u00a0\u00bb{}\u00a0\u00bb]<\/p>\n<h3><strong><em>Au 21\u00e8me si\u00e8cle.<\/em><\/strong><\/h3>\n<p>Au d\u00e9but des ann\u00e9es 80, leurs fils, Philippe et Alain Walbaum, poursuivent cette d\u00e9marche en ajoutant des c\u00e9pages : la Syrah, le Merlot et le Viognier Blanc.<\/p>\n<p>Philippe inaugure la vente directe par la \u00ab\u00a0mise en bouteille au Domaine\u00a0\u00bb. L&rsquo;amour qu&rsquo;il porte \u00e0 la r\u00e9gion, au site et au vignoble, l&rsquo;encourage \u00e0 ouvrir un espace d&rsquo;accueil pour les visiteurs dans les b\u00e2timents de la cave centenaire. Il devient \u00e9galement le Pr\u00e9sident des Caves Particuli\u00e8res de l&rsquo;Ard\u00e8che.<\/p>\n<p>C&rsquo;est dans les ann\u00e9es 2000 que Philippe Walbaum transmet \u00e0 son fils Ludovic, septi\u00e8me g\u00e9n\u00e9ration, les r\u00eanes du Domaine. Ce dernier met tout en \u0153uvre pour permettre \u00e0 la propri\u00e9t\u00e9 familiale de continuer de traverser le temps.\u00a0 Il s&rsquo;attache\u00a0 au d\u00e9veloppement de la cave gr\u00e2ce \u00e0 des investissements de r\u00e9novation et modernisation du chai, mais \u00e9galement du caveau de d\u00e9gustation afin d&rsquo;offrir des moments chaleureux et d&rsquo;exception aux visiteurs.<\/p>\n<p>[\/et_pb_text][\/et_pb_column][et_pb_column type=\u00a0\u00bb2_5&Prime; _builder_version=\u00a0\u00bb4.16&Prime; _module_preset=\u00a0\u00bbdefault\u00a0\u00bb global_colors_info=\u00a0\u00bb{}\u00a0\u00bb][et_pb_image src=\u00a0\u00bbhttps:\/\/domainewalbaum.com\/wp-content\/uploads\/2021\/01\/DOMAINE-Histoire-21eme-photo2.jpg\u00a0\u00bb alt=\u00a0\u00bbDomaine viticole\u00a0\u00bb title_text=\u00a0\u00bbDOMAINE &#8211; Histoire 21\u00e8me photo2&Prime; align=\u00a0\u00bbright\u00a0\u00bb align_tablet=\u00a0\u00bbcenter\u00a0\u00bb align_phone=\u00a0\u00bbcenter\u00a0\u00bb align_last_edited=\u00a0\u00bbon|tablet\u00a0\u00bb _builder_version=\u00a0\u00bb4.27.0&Prime; _module_preset=\u00a0\u00bbdefault\u00a0\u00bb width=\u00a0\u00bb80%\u00a0\u00bb custom_margin=\u00a0\u00bb||6%||false|false\u00a0\u00bb animation_direction=\u00a0\u00bbright\u00a0\u00bb global_colors_info=\u00a0\u00bb{}\u00a0\u00bb][\/et_pb_image][\/et_pb_column][\/et_pb_row][et_pb_row column_structure=\u00a0\u00bb2_5,3_5&Prime; _builder_version=\u00a0\u00bb4.16&Prime; _module_preset=\u00a0\u00bbdefault\u00a0\u00bb global_colors_info=\u00a0\u00bb{}\u00a0\u00bb][et_pb_column type=\u00a0\u00bb2_5&Prime; _builder_version=\u00a0\u00bb4.16&Prime; _module_preset=\u00a0\u00bbdefault\u00a0\u00bb global_colors_info=\u00a0\u00bb{}\u00a0\u00bb][et_pb_image src=\u00a0\u00bbhttps:\/\/domainewalbaum.com\/wp-content\/uploads\/2025\/11\/IMD_0317-scaled.jpg\u00a0\u00bb alt=\u00a0\u00bbDomaine viticole\u00a0\u00bb title_text=\u00a0\u00bbIMD_0317&Prime; align_tablet=\u00a0\u00bbcenter\u00a0\u00bb align_phone=\u00a0\u00bbcenter\u00a0\u00bb align_last_edited=\u00a0\u00bbon|tablet\u00a0\u00bb _builder_version=\u00a0\u00bb4.27.4&Prime; _module_preset=\u00a0\u00bbdefault\u00a0\u00bb width=\u00a0\u00bb80%\u00a0\u00bb custom_margin=\u00a0\u00bb||||false|false\u00a0\u00bb custom_padding=\u00a0\u00bb||0px||false|false\u00a0\u00bb animation_direction=\u00a0\u00bbleft\u00a0\u00bb hover_enabled=\u00a0\u00bb0&Prime; global_colors_info=\u00a0\u00bb{}\u00a0\u00bb sticky_enabled=\u00a0\u00bb0&Prime;][\/et_pb_image][\/et_pb_column][et_pb_column type=\u00a0\u00bb3_5&Prime; _builder_version=\u00a0\u00bb4.16&Prime; _module_preset=\u00a0\u00bbdefault\u00a0\u00bb global_colors_info=\u00a0\u00bb{}\u00a0\u00bb][et_pb_text _builder_version=\u00a0\u00bb4.27.0&Prime; _module_preset=\u00a0\u00bbdefault\u00a0\u00bb text_font=\u00a0\u00bb||||||||\u00a0\u00bb text_font_size=\u00a0\u00bb15px\u00a0\u00bb animation_direction=\u00a0\u00bbright\u00a0\u00bb global_colors_info=\u00a0\u00bb{}\u00a0\u00bb]<\/p>\n<p>Aujourd\u2019hui, Chlo\u00ebe et <a href=\"https:\/\/www.vigneron-independant.com\/domaine-walbaum\">Ludovic Walbaum<\/a>, inscrivent la propri\u00e9t\u00e9 familiale dans une \u00e8re nouvelle, en s\u2019engageant dans une d\u00e9marche environnementale et une Agriculture Biologique (conversion d\u00e8s 2021).<\/p>\n<p>Bient\u00f4t, une nouvelle cave de vinification con\u00e7ue avec des mat\u00e9riaux \u00e9cologiques et naturels trouvera sa place au c\u0153ur du Domaine\u2026<\/p>\n<p>Parall\u00e8lement \u00e0 ce projet, Ludovic et son \u00e9pouse Chlo\u00ebe, ont r\u00e9ussi la reconversion architecturale de la maison familiale afin d\u2019accueillir un magnifique <a href=\"https:\/\/domainewalbaum.com\/hotel-villa-walbaum\/\">h\u00f4tel****<\/a>. L\u2019ensemble a \u00e9t\u00e9 restaur\u00e9 de mani\u00e8re \u00e0 en conserver l\u2019histoire et l\u2019essence patrimoniale, faisant de la Villa Walbaum un lieu enchanteur qui saura vous s\u00e9duire.<\/p>\n<p>[\/et_pb_text][et_pb_text admin_label=\u00a0\u00bbAllier le charme du pass\u00e9 aux n\u00e9cessit\u00e9s de l\u2019avenir, une belle fa\u00e7on d\u2019honorer et perp\u00e9tuer cette longue histoire!\u00a0\u00bb _builder_version=\u00a0\u00bb4.16&Prime; _module_preset=\u00a0\u00bbdefault\u00a0\u00bb text_font_size=\u00a0\u00bb20px\u00a0\u00bb header_3_text_align=\u00a0\u00bbleft\u00a0\u00bb header_3_font_size=\u00a0\u00bb20px\u00a0\u00bb header_3_line_height=\u00a0\u00bb1.3em\u00a0\u00bb custom_margin=\u00a0\u00bb10%||||false|false\u00a0\u00bb global_colors_info=\u00a0\u00bb{}\u00a0\u00bb]<\/p>\n<p>Allier le charme du pass\u00e9 aux n\u00e9cessit\u00e9s de l\u2019avenir,<br \/>une belle fa\u00e7on d\u2019honorer et perp\u00e9tuer cette longue histoire !<\/p>\n<p>[\/et_pb_text][\/et_pb_column][\/et_pb_row][\/et_pb_section][et_pb_section fb_built=\u00a0\u00bb1&Prime; admin_label=\u00a0\u00bbID domaine-philosophie\u00a0\u00bb module_id=\u00a0\u00bbdomaine-philosophie\u00a0\u00bb _builder_version=\u00a0\u00bb4.16&Prime; _module_preset=\u00a0\u00bbdefault\u00a0\u00bb custom_padding=\u00a0\u00bb0px|||||\u00a0\u00bb global_colors_info=\u00a0\u00bb{}\u00a0\u00bb][et_pb_row _builder_version=\u00a0\u00bb4.16&Prime; _module_preset=\u00a0\u00bbdefault\u00a0\u00bb global_colors_info=\u00a0\u00bb{}\u00a0\u00bb][et_pb_column type=\u00a0\u00bb4_4&Prime; _builder_version=\u00a0\u00bb4.16&Prime; _module_preset=\u00a0\u00bbdefault\u00a0\u00bb global_colors_info=\u00a0\u00bb{}\u00a0\u00bb][dsm_text_divider header=\u00a0\u00bbNotre philosophie\u00a0\u00bb color=\u00a0\u00bb#b48f7b\u00a0\u00bb divider_weight=\u00a0\u00bb4px\u00a0\u00bb _builder_version=\u00a0\u00bb4.27.0&Prime; _module_preset=\u00a0\u00bbdefault\u00a0\u00bb header_level=\u00a0\u00bbh2&Prime; header_font=\u00a0\u00bbRomantic couple|700|||||||\u00a0\u00bb header_text_color=\u00a0\u00bb#b48f7b\u00a0\u00bb header_font_size=\u00a0\u00bb60px\u00a0\u00bb width=\u00a0\u00bb70%\u00a0\u00bb module_alignment=\u00a0\u00bbcenter\u00a0\u00bb global_colors_info=\u00a0\u00bb{}\u00a0\u00bb][\/dsm_text_divider][\/et_pb_column][\/et_pb_row][et_pb_row column_structure=\u00a0\u00bb1_2,1_2&Prime; _builder_version=\u00a0\u00bb4.16&Prime; _module_preset=\u00a0\u00bbdefault\u00a0\u00bb global_colors_info=\u00a0\u00bb{}\u00a0\u00bb][et_pb_column type=\u00a0\u00bb1_2&Prime; _builder_version=\u00a0\u00bb4.16&Prime; _module_preset=\u00a0\u00bbdefault\u00a0\u00bb global_colors_info=\u00a0\u00bb{}\u00a0\u00bb][et_pb_image src=\u00a0\u00bbhttps:\/\/domainewalbaum.com\/wp-content\/uploads\/2021\/01\/DOMAINE-Philosophie.jpg\u00a0\u00bb alt=\u00a0\u00bbDomaine viticole\u00a0\u00bb title_text=\u00a0\u00bbDOMAINE &#8211; Philosophie\u00a0\u00bb _builder_version=\u00a0\u00bb4.27.0&Prime; _module_preset=\u00a0\u00bbdefault\u00a0\u00bb animation_direction=\u00a0\u00bbleft\u00a0\u00bb global_colors_info=\u00a0\u00bb{}\u00a0\u00bb][\/et_pb_image][\/et_pb_column][et_pb_column type=\u00a0\u00bb1_2&Prime; _builder_version=\u00a0\u00bb4.16&Prime; _module_preset=\u00a0\u00bbdefault\u00a0\u00bb global_colors_info=\u00a0\u00bb{}\u00a0\u00bb][et_pb_text _builder_version=\u00a0\u00bb4.27.0&Prime; _module_preset=\u00a0\u00bbdefault\u00a0\u00bb text_font=\u00a0\u00bbSanchez||||||||\u00a0\u00bb text_font_size=\u00a0\u00bb15px\u00a0\u00bb animation_direction=\u00a0\u00bbright\u00a0\u00bb global_colors_info=\u00a0\u00bb{}\u00a0\u00bb]<\/p>\n<h3><strong>Pr\u00e9server, et renouveler\u2026<\/strong><\/h3>\n<p>Le Domaine viticole Walbaum fut longtemps consacr\u00e9 \u00e0 l\u2019agriculture. Ici un cabanon, l\u00e0 des d\u00e9pendances, plus loin une grange, dessinent encore l\u2019usage premier de la propri\u00e9t\u00e9. Aujourd\u2019hui encore, les vendanges et les cueillettes rythment le travail du domaine\u2026<\/p>\n<p>Le Domaine viticole Walbaum c\u2019est avant tout l\u2019envie de partager des valeurs qui sont ch\u00e8res \u00e0 notre famille : l\u2019authenticit\u00e9, l\u2019\u00e9motion, la g\u00e9n\u00e9rosit\u00e9, la simplicit\u00e9. Avec, pour les accompagner, le raffinement et l\u2019\u00e9l\u00e9gance.<\/p>\n<p>Faire vivre la tradition familiale et la passion du m\u00e9tier tout en innovant et en se tournant vers l\u2019avenir, voil\u00e0 la philosophie de la famille aujourd\u2019hui.<\/p>\n<p>Ainsi vivent les passions&#8230;<\/p>\n<p>[\/et_pb_text][\/et_pb_column][\/et_pb_row][\/et_pb_section]<\/p>\n","protected":false},"excerpt":{"rendered":"<p>L&rsquo;histoire du domaine Walbaum Le Domaine Walbaum est un domaine viticole issu d\u2019une longue tradition viticole familiale. Une histoire profond\u00e9ment enracin\u00e9e dans ce terroir d&rsquo;exception des portes des Gorges de l&rsquo;Ard\u00e8che, o\u00f9 plusieurs g\u00e9n\u00e9rations se sont succ\u00e9d\u00e9 dans la passion du vin et le respect des vignes. D\u00e9couvrez notre service d&rsquo;H\u00f4tel 4 \u00e9toiles en Ard\u00e8che. [&hellip;]<\/p>\n","protected":false},"author":1,"featured_media":0,"parent":0,"menu_order":0,"comment_status":"closed","ping_status":"closed","template":"","meta":{"_et_pb_use_builder":"on","_et_pb_old_content":"","_et_gb_content_width":"","footnotes":""},"class_list":["post-1611","page","type-page","status-publish","hentry"],"_links":{"self":[{"href":"https:\/\/domainewalbaum.com\/en\/wp-json\/wp\/v2\/pages\/1611","targetHints":{"allow":["GET"]}}],"collection":[{"href":"https:\/\/domainewalbaum.com\/en\/wp-json\/wp\/v2\/pages"}],"about":[{"href":"https:\/\/domainewalbaum.com\/en\/wp-json\/wp\/v2\/types\/page"}],"author":[{"embeddable":true,"href":"https:\/\/domainewalbaum.com\/en\/wp-json\/wp\/v2\/users\/1"}],"replies":[{"embeddable":true,"href":"https:\/\/domainewalbaum.com\/en\/wp-json\/wp\/v2\/comments?post=1611"}],"version-history":[{"count":77,"href":"https:\/\/domainewalbaum.com\/en\/wp-json\/wp\/v2\/pages\/1611\/revisions"}],"predecessor-version":[{"id":6317,"href":"https:\/\/domainewalbaum.com\/en\/wp-json\/wp\/v2\/pages\/1611\/revisions\/6317"}],"wp:attachment":[{"href":"https:\/\/domainewalbaum.com\/en\/wp-json\/wp\/v2\/media?parent=1611"}],"curies":[{"name":"wp","href":"https:\/\/api.w.org\/{rel}","templated":true}]}}