{"id":1742,"date":"2020-12-22T11:28:22","date_gmt":"2020-12-22T11:28:22","guid":{"rendered":"https:\/\/domainewalbaum.com\/?page_id=1742"},"modified":"2025-12-19T15:20:15","modified_gmt":"2025-12-19T14:20:15","slug":"evenements","status":"publish","type":"page","link":"https:\/\/domainewalbaum.com\/en\/evenements\/","title":{"rendered":"Special events"},"content":{"rendered":"<p>[et_pb_section fb_built=\u00a0\u00bb1&Prime; _builder_version=\u00a0\u00bb4.16&Prime; _module_preset=\u00a0\u00bbdefault\u00a0\u00bb custom_padding=\u00a0\u00bb||0px|||\u00a0\u00bb global_colors_info=\u00a0\u00bb{}\u00a0\u00bb][et_pb_row _builder_version=\u00a0\u00bb4.16&Prime; _module_preset=\u00a0\u00bbdefault\u00a0\u00bb custom_margin=\u00a0\u00bb|auto|-111px|auto||\u00a0\u00bb global_colors_info=\u00a0\u00bb{}\u00a0\u00bb][et_pb_column type=\u00a0\u00bb4_4&Prime; _builder_version=\u00a0\u00bb4.16&Prime; _module_preset=\u00a0\u00bbdefault\u00a0\u00bb global_colors_info=\u00a0\u00bb{}\u00a0\u00bb][et_pb_text admin_label=\u00a0\u00bbLa Villa Walbaum, au c\u0153ur du vignoble, vous offre un lieu privil\u00e9gi\u00e9 de travail et de d\u00e9tente.\u00a0\u00bb _builder_version=\u00a0\u00bb4.27.4&Prime; _module_preset=\u00a0\u00bbdefault\u00a0\u00bb text_font=\u00a0\u00bb&#8211;et_global_body_font||||||||\u00a0\u00bb text_text_color=\u00a0\u00bb#B48F7B\u00a0\u00bb text_font_size=\u00a0\u00bb34px\u00a0\u00bb text_line_height=\u00a0\u00bb1.1em\u00a0\u00bb header_text_align=\u00a0\u00bbcenter\u00a0\u00bb header_font_size=\u00a0\u00bb22px\u00a0\u00bb header_line_height=\u00a0\u00bb1.7em\u00a0\u00bb text_orientation=\u00a0\u00bbcenter\u00a0\u00bb custom_margin=\u00a0\u00bb||-0.1%||false|false\u00a0\u00bb custom_padding=\u00a0\u00bb||122px|||\u00a0\u00bb global_colors_info=\u00a0\u00bb{}\u00a0\u00bb]<\/p>\n<p>La Villa Walbaum, au c\u0153ur du <a href=\"https:\/\/domainewalbaum.com\/vignoble-walbaum\/\">vignoble<\/a>, vous offre un lieu privil\u00e9gi\u00e9 de travail et de d\u00e9tente pour vos \u00e9v\u00e9nements professionnels ou personnels&#8230;<\/p>\n<p>[\/et_pb_text][\/et_pb_column][\/et_pb_row][\/et_pb_section][et_pb_section fb_built=\u00a0\u00bb1&Prime; _builder_version=\u00a0\u00bb4.16&Prime; _module_preset=\u00a0\u00bbdefault\u00a0\u00bb custom_padding=\u00a0\u00bb||0px|||\u00a0\u00bb global_colors_info=\u00a0\u00bb{}\u00a0\u00bb][et_pb_row column_structure=\u00a0\u00bb1_2,1_2&Prime; make_equal=\u00a0\u00bbon\u00a0\u00bb _builder_version=\u00a0\u00bb4.27.4&Prime; _module_preset=\u00a0\u00bbdefault\u00a0\u00bb animation_style=\u00a0\u00bbslide\u00a0\u00bb global_colors_info=\u00a0\u00bb{}\u00a0\u00bb][et_pb_column type=\u00a0\u00bb1_2&Prime; module_class=\u00a0\u00bbcentrer-verticalement\u00a0\u00bb _builder_version=\u00a0\u00bb4.16&Prime; _module_preset=\u00a0\u00bbdefault\u00a0\u00bb animation_style=\u00a0\u00bbslide\u00a0\u00bb animation_direction=\u00a0\u00bbleft\u00a0\u00bb animation_duration=\u00a0\u00bb1400ms\u00a0\u00bb global_colors_info=\u00a0\u00bb{}\u00a0\u00bb][dsm_text_divider header=\u00a0\u00bb\u00c9v\u00e9nements priv\u00e9s\u00a0\u00bb color=\u00a0\u00bb#b48f7b\u00a0\u00bb divider_weight=\u00a0\u00bb4px\u00a0\u00bb admin_label=\u00a0\u00bb\u00c9v\u00e9nements priv\u00e9s\u00a0\u00bb _builder_version=\u00a0\u00bb4.27.4&Prime; _module_preset=\u00a0\u00bbdefault\u00a0\u00bb header_font=\u00a0\u00bbRomantic couple|700|||||||\u00a0\u00bb header_text_color=\u00a0\u00bb#b48f7b\u00a0\u00bb header_font_size=\u00a0\u00bb37px\u00a0\u00bb width=\u00a0\u00bb70%\u00a0\u00bb module_alignment=\u00a0\u00bbcenter\u00a0\u00bb global_colors_info=\u00a0\u00bb{}\u00a0\u00bb][\/dsm_text_divider][et_pb_image src=\u00a0\u00bbhttps:\/\/domainewalbaum.com\/wp-content\/uploads\/2025\/11\/CAROETSTEPH-26AOUT2023-ThierryPerre-0097-scaled.jpg\u00a0\u00bb alt=\u00a0\u00bbmariage dans les Gorges de l&rsquo;Ard\u00e8che\u00a0\u00bb title_text=\u00a0\u00bbmariage dans les Gorges de l&rsquo;Ard\u00e8che\u00a0\u00bb align=\u00a0\u00bbcenter\u00a0\u00bb _builder_version=\u00a0\u00bb4.27.4&Prime; _module_preset=\u00a0\u00bbdefault\u00a0\u00bb global_colors_info=\u00a0\u00bb{}\u00a0\u00bb][\/et_pb_image][et_pb_text _builder_version=\u00a0\u00bb4.27.4&Prime; _module_preset=\u00a0\u00bbdefault\u00a0\u00bb text_font=\u00a0\u00bb||||||||\u00a0\u00bb module_alignment=\u00a0\u00bbcenter\u00a0\u00bb custom_margin=\u00a0\u00bb||||false|false\u00a0\u00bb global_colors_info=\u00a0\u00bb{}\u00a0\u00bb]<\/p>\n<p>C\u00e9l\u00e9brez votre <a href=\"https:\/\/domainewalbaum.com\/mariage-gorges-ardeche\/\">mariage dans les Gorges de l&rsquo;Ard\u00e8che<\/a> ou bien une r\u00e9unions de famille, un bapt\u00eames, un anniversaires..<\/p>\n<p>Le <a href=\"https:\/\/domainewalbaum.com\/\">Domaine Walbaum<\/a> met \u00e0 votre disposition plusieurs espaces int\u00e9rieurs et ext\u00e9rieurs pour r\u00e9unir vos proches et faire de ces moments des souvenirs uniques dans un cadre magique et enchanteur, en harmonie avec la nature.<\/p>\n<p>D\u00e9couvrez aussi notre service d&rsquo;<a href=\"https:\/\/domainewalbaum.com\/hotel-villa-walbaum\/\">H\u00f4tel 4 \u00e9toiles en Ard\u00e8che<\/a>.<\/p>\n<p>Notre \u00e9quipe sera enchant\u00e9e de cr\u00e9er avec vous votre \u00e9v\u00e8nement sur mesure.<\/p>\n<p>[\/et_pb_text][et_pb_button button_url=\u00a0\u00bbhttps:\/\/domainewalbaum.com\/mariage-gorges-ardeche\/\u00a0\u00bb button_text=\u00a0\u00bbD\u00e9couvrir nos \u00e9v\u00e9nements priv\u00e9s\u00a0\u00bb button_alignment=\u00a0\u00bbleft\u00a0\u00bb _builder_version=\u00a0\u00bb4.27.4&Prime; _module_preset=\u00a0\u00bbdefault\u00a0\u00bb custom_button=\u00a0\u00bbon\u00a0\u00bb button_text_size=\u00a0\u00bb16px\u00a0\u00bb button_text_color=\u00a0\u00bb#ffffff\u00a0\u00bb button_bg_use_color_gradient=\u00a0\u00bbon\u00a0\u00bb button_bg_color_gradient_direction=\u00a0\u00bb121deg\u00a0\u00bb button_bg_color_gradient_stops=\u00a0\u00bb#886041 45%|#f3b598 100%\u00a0\u00bb button_bg_color_gradient_start=\u00a0\u00bb#886041&Prime; button_bg_color_gradient_start_position=\u00a0\u00bb45%\u00a0\u00bb button_bg_color_gradient_end=\u00a0\u00bb#f3b598&Prime; button_border_width=\u00a0\u00bb0px\u00a0\u00bb button_border_radius=\u00a0\u00bb0px\u00a0\u00bb button_letter_spacing=\u00a0\u00bb1px\u00a0\u00bb button_font=\u00a0\u00bb|300||on|||||\u00a0\u00bb custom_margin=\u00a0\u00bb||||false|false\u00a0\u00bb global_colors_info=\u00a0\u00bb{}\u00a0\u00bb][\/et_pb_button][\/et_pb_column][et_pb_column type=\u00a0\u00bb1_2&Prime; _builder_version=\u00a0\u00bb4.16&Prime; _module_preset=\u00a0\u00bbdefault\u00a0\u00bb animation_style=\u00a0\u00bbslide\u00a0\u00bb animation_direction=\u00a0\u00bbright\u00a0\u00bb animation_duration=\u00a0\u00bb1400ms\u00a0\u00bb global_colors_info=\u00a0\u00bb{}\u00a0\u00bb][dsm_text_divider header=\u00a0\u00bbTournages, Shootings\u00a0\u00bb color=\u00a0\u00bb#b48f7b\u00a0\u00bb divider_weight=\u00a0\u00bb4px\u00a0\u00bb admin_label=\u00a0\u00bbTournages, Shootings\u00a0\u00bb _builder_version=\u00a0\u00bb4.27.4&Prime; _module_preset=\u00a0\u00bbdefault\u00a0\u00bb header_font=\u00a0\u00bbRomantic couple|700|||||||\u00a0\u00bb header_text_color=\u00a0\u00bb#b48f7b\u00a0\u00bb header_font_size=\u00a0\u00bb37px\u00a0\u00bb width=\u00a0\u00bb70%\u00a0\u00bb module_alignment=\u00a0\u00bbcenter\u00a0\u00bb global_colors_info=\u00a0\u00bb{}\u00a0\u00bb][\/dsm_text_divider][et_pb_image src=\u00a0\u00bbhttps:\/\/domainewalbaum.com\/wp-content\/uploads\/2021\/01\/EVENEMENTIEL-Tournages-shootings.jpg\u00a0\u00bb title_text=\u00a0\u00bbEVENEMENTIEL &#8211; Tournages, shootings\u00a0\u00bb _builder_version=\u00a0\u00bb4.16&Prime; _module_preset=\u00a0\u00bbdefault\u00a0\u00bb global_colors_info=\u00a0\u00bb{}\u00a0\u00bb][\/et_pb_image][et_pb_text _builder_version=\u00a0\u00bb4.27.5&Prime; _module_preset=\u00a0\u00bbdefault\u00a0\u00bb text_font=\u00a0\u00bb||||||||\u00a0\u00bb module_alignment=\u00a0\u00bbcenter\u00a0\u00bb custom_margin=\u00a0\u00bb||||false|false\u00a0\u00bb hover_enabled=\u00a0\u00bb0&Prime; global_colors_info=\u00a0\u00bb{}\u00a0\u00bb sticky_enabled=\u00a0\u00bb0&Prime;]<\/p>\n<p>Au Domaine Walbaum, nous mettons \u00e0 votre disposition un <a href=\"https:\/\/domainewalbaum.com\/lieu-shooting-gorges-ardeche\/\">lieu de shooting dans les Gorges de l\u2019Ard\u00e8che<\/a> \u00e0 la fois \u00e9l\u00e9gant, naturel et parfaitement adapt\u00e9 aux besoins des \u00e9quipes photo et vid\u00e9o.<\/p>\n<p>Nich\u00e9 au c\u0153ur des vignes, entre parc et bois, notre domaine offre une grande vari\u00e9t\u00e9 de d\u00e9cors pour sublimer vos projets d\u2019image.<\/p>\n<p>Que vous recherchiez un lieu de tournage dans les Gorges de l\u2019Ard\u00e8che pour une campagne de marque, un shooting mode, la mise en valeur de produits (comme des v\u00e9hicules) ou la r\u00e9alisation de contenus sportifs, vous b\u00e9n\u00e9ficiez ici d\u2019un cadre unique en Sud Ard\u00e8che.<\/p>\n<p>[\/et_pb_text][et_pb_button button_text=\u00a0\u00bbEn savoir plus sur notre lieu de shooting \u00a0\u00bb button_alignment=\u00a0\u00bbleft\u00a0\u00bb module_class=\u00a0\u00bbevenements\u00a0\u00bb _builder_version=\u00a0\u00bb4.27.5&Prime; _module_preset=\u00a0\u00bbdefault\u00a0\u00bb custom_button=\u00a0\u00bbon\u00a0\u00bb button_text_size=\u00a0\u00bb16px\u00a0\u00bb button_text_color=\u00a0\u00bb#ffffff\u00a0\u00bb button_bg_use_color_gradient=\u00a0\u00bbon\u00a0\u00bb button_bg_color_gradient_direction=\u00a0\u00bb121deg\u00a0\u00bb button_bg_color_gradient_stops=\u00a0\u00bb#886041 45%|#f3b598 100%\u00a0\u00bb button_bg_color_gradient_start=\u00a0\u00bb#886041&Prime; button_bg_color_gradient_start_position=\u00a0\u00bb45%\u00a0\u00bb button_bg_color_gradient_end=\u00a0\u00bb#f3b598&Prime; button_border_width=\u00a0\u00bb0px\u00a0\u00bb button_border_radius=\u00a0\u00bb0px\u00a0\u00bb button_letter_spacing=\u00a0\u00bb1px\u00a0\u00bb button_font=\u00a0\u00bb|300||on|||||\u00a0\u00bb custom_margin=\u00a0\u00bb||||false|false\u00a0\u00bb hover_enabled=\u00a0\u00bb0&Prime; global_colors_info=\u00a0\u00bb{}\u00a0\u00bb sticky_enabled=\u00a0\u00bb0&Prime; button_url=\u00a0\u00bbhttps:\/\/domainewalbaum.com\/lieu-shooting-gorges-ardeche\/\u00a0\u00bb][\/et_pb_button][\/et_pb_column][\/et_pb_row][\/et_pb_section][et_pb_section fb_built=\u00a0\u00bb1&Prime; _builder_version=\u00a0\u00bb4.27.4&Prime; _module_preset=\u00a0\u00bbdefault\u00a0\u00bb global_colors_info=\u00a0\u00bb{}\u00a0\u00bb][et_pb_row _builder_version=\u00a0\u00bb4.27.4&Prime; _module_preset=\u00a0\u00bbdefault\u00a0\u00bb global_colors_info=\u00a0\u00bb{}\u00a0\u00bb][et_pb_column type=\u00a0\u00bb4_4&Prime; _builder_version=\u00a0\u00bb4.27.4&Prime; _module_preset=\u00a0\u00bbdefault\u00a0\u00bb global_colors_info=\u00a0\u00bb{}\u00a0\u00bb][dsm_text_divider header=\u00a0\u00bbOrganisez votre s\u00e9minaire dans les Gorges de l\u2019Ard\u00e8che au Domaine Walbaum\u00a0\u00bb color=\u00a0\u00bb#b48f7b\u00a0\u00bb divider_weight=\u00a0\u00bb4px\u00a0\u00bb admin_label=\u00a0\u00bb\u00c9v\u00e9nements business\u00a0\u00bb _builder_version=\u00a0\u00bb4.27.4&Prime; _module_preset=\u00a0\u00bbdefault\u00a0\u00bb header_level=\u00a0\u00bbh1&Prime; header_font=\u00a0\u00bbRomantic couple|700|||||||\u00a0\u00bb header_text_align=\u00a0\u00bbcenter\u00a0\u00bb header_text_color=\u00a0\u00bb#b48f7b\u00a0\u00bb header_font_size=\u00a0\u00bb60px\u00a0\u00bb width=\u00a0\u00bb85%\u00a0\u00bb module_alignment=\u00a0\u00bbcenter\u00a0\u00bb locked=\u00a0\u00bboff\u00a0\u00bb global_colors_info=\u00a0\u00bb{}\u00a0\u00bb][\/dsm_text_divider][\/et_pb_column][\/et_pb_row][et_pb_row column_structure=\u00a0\u00bb1_2,1_2&Prime; _builder_version=\u00a0\u00bb4.27.4&Prime; _module_preset=\u00a0\u00bbdefault\u00a0\u00bb global_colors_info=\u00a0\u00bb{}\u00a0\u00bb][et_pb_column type=\u00a0\u00bb1_2&Prime; _builder_version=\u00a0\u00bb4.27.4&Prime; _module_preset=\u00a0\u00bbdefault\u00a0\u00bb global_colors_info=\u00a0\u00bb{}\u00a0\u00bb][et_pb_text admin_label=\u00a0\u00bbParce que votre entreprise m\u00e9rite l\u2019exception, r\u00e9unissez au Domaine Walbaum\u00a0\u00bb _builder_version=\u00a0\u00bb4.27.4&Prime; _module_preset=\u00a0\u00bbdefault\u00a0\u00bb text_font=\u00a0\u00bb||||||||\u00a0\u00bb module_alignment=\u00a0\u00bbcenter\u00a0\u00bb custom_margin=\u00a0\u00bb||||false|false\u00a0\u00bb global_colors_info=\u00a0\u00bb{}\u00a0\u00bb]<\/p>\n<p>Au c\u0153ur des Gorges de l\u2019Ard\u00e8che, class\u00e9es R\u00e9serve Naturelle, le <a href=\"https:\/\/domainewalbaum.com\/\">Domaine Walbaum<\/a> vous accueille pour un <strong>s\u00e9minaire dans les Gorges de l\u2019Ard\u00e8che<\/strong> inoubliable, notre propri\u00e9t\u00e9 viticole offre un d\u00e9cor unique, entre vignes, falaises et rivi\u00e8re.<\/p>\n<p>La Villa Walbaum****, ancienne demeure familiale transform\u00e9e au XVIII\u1d49 si\u00e8cle en \u00e9l\u00e9gante Villa palladienne, est devenue un h\u00f4tel 4 \u00e9toiles intimiste o\u00f9 se m\u00ealent tradition, modernit\u00e9 et art de vivre. Avec une capacit\u00e9 d\u2019accueil de 25 personnes en h\u00e9bergement, nous vous proposons un v\u00e9ritable cocon pour votre s\u00e9minaire d\u2019entreprise dans les Gorges de l\u2019Ard\u00e8che : un lieu \u00e0 taille humaine, enti\u00e8rement d\u00e9di\u00e9 \u00e0 votre \u00e9quipe, o\u00f9 travail, nature et d\u00e9tente s\u2019harmonisent naturellement.<\/p>\n<p>Nous mettons tout en \u0153uvre pour faire de votre s\u00e9minaire en Ard\u00e8che un moment \u00e0 la fois productif, convivial et ressour\u00e7ant.<\/p>\n<p>[\/et_pb_text][\/et_pb_column][et_pb_column type=\u00a0\u00bb1_2&Prime; _builder_version=\u00a0\u00bb4.27.4&Prime; _module_preset=\u00a0\u00bbdefault\u00a0\u00bb global_colors_info=\u00a0\u00bb{}\u00a0\u00bb][et_pb_image src=\u00a0\u00bbhttps:\/\/domainewalbaum.com\/wp-content\/uploads\/2022\/07\/Salle-de-seminaire-Hotel-Villa-Walbaum-scaled.jpg\u00a0\u00bb alt=\u00a0\u00bbSalle de s\u00e9minaire &#8211; H\u00f4tel Villa Walbaum\u00a0\u00bb title_text=\u00a0\u00bbSalle de s\u00e9minaire &#8211; H\u00f4tel Villa Walbaum\u00a0\u00bb align=\u00a0\u00bbcenter\u00a0\u00bb _builder_version=\u00a0\u00bb4.17.6&Prime; _module_preset=\u00a0\u00bbdefault\u00a0\u00bb custom_margin=\u00a0\u00bb||0px||false|false\u00a0\u00bb custom_padding=\u00a0\u00bb||0px||false|false\u00a0\u00bb global_colors_info=\u00a0\u00bb{}\u00a0\u00bb][\/et_pb_image][\/et_pb_column][\/et_pb_row][et_pb_row _builder_version=\u00a0\u00bb4.27.4&Prime; _module_preset=\u00a0\u00bbdefault\u00a0\u00bb global_colors_info=\u00a0\u00bb{}\u00a0\u00bb][et_pb_column type=\u00a0\u00bb4_4&Prime; _builder_version=\u00a0\u00bb4.27.4&Prime; _module_preset=\u00a0\u00bbdefault\u00a0\u00bb global_colors_info=\u00a0\u00bb{}\u00a0\u00bb][et_pb_button button_text=\u00a0\u00bbR\u00e9server votre \u00e9v\u00e9nement\u00a0\u00bb button_alignment=\u00a0\u00bbcenter\u00a0\u00bb module_class=\u00a0\u00bbevenements\u00a0\u00bb _builder_version=\u00a0\u00bb4.27.4&Prime; _module_preset=\u00a0\u00bbdefault\u00a0\u00bb custom_button=\u00a0\u00bbon\u00a0\u00bb button_text_size=\u00a0\u00bb16px\u00a0\u00bb button_text_color=\u00a0\u00bb#ffffff\u00a0\u00bb button_bg_use_color_gradient=\u00a0\u00bbon\u00a0\u00bb button_bg_color_gradient_direction=\u00a0\u00bb121deg\u00a0\u00bb button_bg_color_gradient_stops=\u00a0\u00bb#886041 45%|#f3b598 100%\u00a0\u00bb button_bg_color_gradient_start=\u00a0\u00bb#886041&Prime; button_bg_color_gradient_start_position=\u00a0\u00bb45%\u00a0\u00bb button_bg_color_gradient_end=\u00a0\u00bb#f3b598&Prime; button_border_width=\u00a0\u00bb0px\u00a0\u00bb button_border_radius=\u00a0\u00bb0px\u00a0\u00bb button_letter_spacing=\u00a0\u00bb1px\u00a0\u00bb button_font=\u00a0\u00bb|300||on|||||\u00a0\u00bb custom_margin=\u00a0\u00bb||||false|false\u00a0\u00bb global_colors_info=\u00a0\u00bb{}\u00a0\u00bb][\/et_pb_button][et_pb_accordion closed_toggle_background_color=\u00a0\u00bb#FFFFFF\u00a0\u00bb icon_color=\u00a0\u00bb#B48F7B\u00a0\u00bb _builder_version=\u00a0\u00bb4.27.4&Prime; _module_preset=\u00a0\u00bbdefault\u00a0\u00bb toggle_text_color=\u00a0\u00bb#B48F7B\u00a0\u00bb toggle_level=\u00a0\u00bbh2&Prime; toggle_font=\u00a0\u00bb|600|||||||\u00a0\u00bb toggle_font_size=\u00a0\u00bb20px\u00a0\u00bb global_colors_info=\u00a0\u00bb{}\u00a0\u00bb][et_pb_accordion_item title=\u00a0\u00bbUn cadre naturel d\u2019exception pour votre s\u00e9minaire en Ard\u00e8che\u00a0\u00bb open=\u00a0\u00bbon\u00a0\u00bb _builder_version=\u00a0\u00bb4.27.4&Prime; _module_preset=\u00a0\u00bbdefault\u00a0\u00bb global_colors_info=\u00a0\u00bb{}\u00a0\u00bb]<\/p>\n<p>Organiser un s\u00e9minaire dans les Gorges de l\u2019Ard\u00e8che, c\u2019est offrir \u00e0 vos collaborateurs un havre de paix naturel, loin du tumulte urbain. \u00c0 Vallon-Pont-d\u2019Arc, le Domaine Walbaum b\u00e9n\u00e9ficie d\u2019une situation exceptionnelle, au c\u0153ur d\u2019un paysage pr\u00e9serv\u00e9, riche en biodiversit\u00e9 et en panoramas \u00e0 couper le souffle.<\/p>\n<p>Nos onze chambres et suite, \u00e0 la d\u00e9coration raffin\u00e9e, sont situ\u00e9es dans la Maison de Ma\u00eetre r\u00e9nov\u00e9e avec soin. Chacune d\u00e9voile, au petit matin, un spectacle unique sur les vignes, le parc arbor\u00e9 ou le bois centenaire, typiques des Gorges de l\u2019Ard\u00e8che. Terrasses, salons, chemin\u00e9es, biblioth\u00e8que et mobilier de famille cr\u00e9ent une atmosph\u00e8re chaleureuse, propice au repos comme aux \u00e9changes informels pendant votre s\u00e9minaire dans les Gorges de l\u2019Ard\u00e8che.<\/p>\n<p>\u00c0 l\u2019ext\u00e9rieur, vous profitez de :<\/p>\n<ul>\n<li>Un parc arbor\u00e9 et un bois centenaire pour se ressourcer,<\/li>\n<li>Une piscine ext\u00e9rieure chauff\u00e9e selon la saison pour se d\u00e9tendre apr\u00e8s les sessions de travail,<\/li>\n<li>Un terrain de p\u00e9tanque pour des moments conviviaux en \u00e9quipe.<\/li>\n<\/ul>\n<p>\ud83d\udc49 <a href=\"https:\/\/domainewalbaum.com\/hotel-villa-walbaum\/\">En savoir plus sur notre h\u00f4tel 4 \u00e9toiles en Ard\u00e8che !<\/a><\/p>\n<p>[\/et_pb_accordion_item][et_pb_accordion_item title=\u00a0\u00bbDes espaces de travail modulables et privatisables pour vos \u00e9v\u00e9nements\u00a0\u00bb _builder_version=\u00a0\u00bb4.27.4&Prime; _module_preset=\u00a0\u00bbdefault\u00a0\u00bb global_colors_info=\u00a0\u00bb{}\u00a0\u00bb open=\u00a0\u00bboff\u00a0\u00bb]<\/p>\n<p>Pour garantir le succ\u00e8s de votre s\u00e9minaire dans les Gorges de l\u2019Ard\u00e8che, nous mettons \u00e0 votre disposition plusieurs espaces de travail et de r\u00e9ception, modulables selon vos besoins :<\/p>\n<ul>\n<li><strong>Le Salon Origine (90 m\u00b2 \u2013 40 personnes max)<\/strong><br \/>Situ\u00e9 dans les caves vo\u00fbt\u00e9es de la Villa, ce salon empreint d\u2019Histoire et d\u2019authenticit\u00e9 est enti\u00e8rement modulable. Il est id\u00e9al pour vos conf\u00e9rences, assembl\u00e9es g\u00e9n\u00e9rales, lancements de produit, cocktails dinatoires ou pr\u00e9sentations de projets.<\/li>\n<li><strong>Le Salon Carpe Diem (35 m\u00b2 \u2013 22 personnes max)<\/strong><br \/>Parfait pour vos conseils d\u2019administration, comit\u00e9s de direction ou sessions de travail en petit comit\u00e9. Sa grande baie vitr\u00e9e ouvre sur la piscine et le bois, offrant une lumi\u00e8re naturelle tr\u00e8s appr\u00e9ciable lors d\u2019un s\u00e9minaire d\u2019entreprise dans les Gorges de l\u2019Ard\u00e8che.<\/li>\n<li><strong>Le Petit Salon, les ext\u00e9rieurs, le parc et le jeu de boules<\/strong><br \/>Pour des temps d\u2019\u00e9changes informels, des ateliers de brainstorming ou un ap\u00e9ritif de fin de journ\u00e9e, ces espaces compl\u00e8tent id\u00e9alement votre programme.<\/li>\n<\/ul>\n<p>Chaque salle de r\u00e9union est \u00e9quip\u00e9e du mat\u00e9riel n\u00e9cessaire : vid\u00e9oprojecteur ou \u00e9cran, paperboard, Wi-Fi haut d\u00e9bit, sonorisation si besoin. Nous pouvons adapter la configuration des espaces en fonction du format de votre s\u00e9minaire en Ard\u00e8che : journ\u00e9e d\u2019\u00e9tude, r\u00e9sidentiel ou semi-r\u00e9sidentiel, lancement de produit, formation, r\u00e9union strat\u00e9gique\u2026<\/p>\n<p>Nous proposons \u00e9galement la <strong>privatisation de l\u2019\u00e9tablissement<\/strong>, afin que votre s\u00e9minaire dans les Gorges de l\u2019Ard\u00e8che se d\u00e9roule dans une atmosph\u00e8re confidentielle et enti\u00e8rement d\u00e9di\u00e9e \u00e0 votre entreprise.<\/p>\n<p>[\/et_pb_accordion_item][et_pb_accordion_item title=\u00a0\u00bbEntre travail, \u0153notourisme et activit\u00e9s nature : un s\u00e9minaire 100 % exp\u00e9rience\u00a0\u00bb _builder_version=\u00a0\u00bb4.27.4&Prime; _module_preset=\u00a0\u00bbdefault\u00a0\u00bb global_colors_info=\u00a0\u00bb{}\u00a0\u00bb open=\u00a0\u00bboff\u00a0\u00bb]<\/p>\n<p>Le Domaine Walbaum est bien plus qu\u2019un cadre de travail : c\u2019est une destination \u00e0 part enti\u00e8re pour vivre un s\u00e9minaire dans les Gorges de l\u2019Ard\u00e8che plac\u00e9 sous le signe de la d\u00e9couverte et de la coh\u00e9sion d\u2019\u00e9quipe.<\/p>\n<h4><strong>Eco Wine Exp\u00e9riences et \u0153notourisme<\/strong><\/h4>\n<p>En tant que domaine viticole, nous proposons de nombreuses exp\u00e9riences autour du vin, id\u00e9ales pour animer votre s\u00e9minaire d\u2019entreprise dans les Gorges de l\u2019Ard\u00e8che :<\/p>\n<ul>\n<li><strong>D\u00e9gustation des vins du Domaine<\/strong>,<\/li>\n<li><strong>V\u00e9loenologie<\/strong> : balade en VTT \u00e9lectrique au c\u0153ur des vignes,<\/li>\n<li><strong>Descente vigneronne de l\u2019Ard\u00e8che en cano\u00eb<\/strong>,<\/li>\n<li><strong>Wine &amp; Yoga<\/strong> : s\u00e9ance de yoga au c\u0153ur du Domaine, suivie d\u2019une d\u00e9gustation,<\/li>\n<li>D\u00e9couverte des vendanges selon la saison.<\/li>\n<\/ul>\n<p>Ces activit\u00e9s peuvent \u00eatre int\u00e9gr\u00e9es dans un programme sur mesure pour renforcer la coh\u00e9sion de vos \u00e9quipes et offrir un s\u00e9minaire en Ard\u00e8che r\u00e9ellement m\u00e9morable.<\/p>\n<h4><strong>Activit\u00e9s nature et culture dans les Gorges de l\u2019Ard\u00e8che<\/strong><\/h4>\n<p>Les Gorges de l\u2019Ard\u00e8che sont une terre d\u2019aventure\u2026 \u00e0 vivre pleinement pendant votre s\u00e9minaire ou votre s\u00e9jour \u00e0 th\u00e8me :<\/p>\n<ul>\n<li>Descente de l\u2019Ard\u00e8che en cano\u00eb sous le c\u00e9l\u00e8bre Pont d\u2019Arc,<\/li>\n<li>Randonn\u00e9e, canyoning, sp\u00e9l\u00e9ologie,<\/li>\n<li>Visite de la <strong>Grotte Chauvet 2<\/strong> ou de l\u2019<strong>Aven d\u2019Orgnac<\/strong>,<\/li>\n<li>D\u00e9couverte de villages de caract\u00e8re (Balazuc, Vog\u00fc\u00e9, Labeaume\u2026),<\/li>\n<li>Gorges du Chassezac, Bois de Pa\u00efolive, Parc R\u00e9gional des Monts d\u2019Ard\u00e8che,<\/li>\n<li>Survol des Gorges en avion pour une vue spectaculaire,<\/li>\n<li>Visites gourmandes : moulin et d\u00e9gustation d\u2019huile d\u2019olive, apiculture, march\u00e9s locaux.<\/li>\n<\/ul>\n<p>Nous travaillons avec des partenaires locaux pour vous proposer un s\u00e9minaire dans les Gorges de l\u2019Ard\u00e8che enti\u00e8rement personnalis\u00e9, alliant travail, \u00e9motions et exp\u00e9riences partag\u00e9es.<\/p>\n<p>\ud83d\udc49 Explorez les lieux incontournables des environs : <a href=\"https:\/\/www.ardeche-guide.com\/decouvrir\/top-10-des-lieux-a-explorer\/gorges-ardeche-pont-darc\/\">Gorges de l\u2019Ard\u00e8che \u2013 Pont d\u2019Arc<\/a><\/p>\n<p>[\/et_pb_accordion_item][et_pb_accordion_item title=\u00a0\u00bbVotre prochain s\u00e9minaire dans les Gorges de l\u2019Ard\u00e8che au Domaine Walbaum\u00a0\u00bb _builder_version=\u00a0\u00bb4.27.4&Prime; _module_preset=\u00a0\u00bbdefault\u00a0\u00bb global_colors_info=\u00a0\u00bb{}\u00a0\u00bb open=\u00a0\u00bboff\u00a0\u00bb]<\/p>\n<p>Choisir le Domaine Walbaum pour votre s\u00e9minaire dans les Gorges de l\u2019Ard\u00e8che, c\u2019est opter pour :<\/p>\n<ul>\n<li>Un <strong>cadre prestigieux et inspirant<\/strong>, entre vignes, nature et patrimoine,<\/li>\n<li>Un <strong>h\u00f4tel 4 \u00e9toiles<\/strong> intimiste, avec 25 places en h\u00e9bergement,<\/li>\n<li>Des <strong>salles de r\u00e9union modulables et \u00e9quip\u00e9es<\/strong>, adapt\u00e9es \u00e0 tous vos formats d\u2019\u00e9v\u00e9nements,<\/li>\n<li>Des <strong>exp\u00e9riences \u0153notouristiques et natures<\/strong> uniques, au c\u0153ur d\u2019un territoire d\u2019exception,<\/li>\n<li>Une <strong>gastronomie locale<\/strong> et de saison, en phase avec une d\u00e9marche durable,<\/li>\n<li>Un <strong>accompagnement sur mesure<\/strong>, de la conception \u00e0 la r\u00e9alisation de votre s\u00e9minaire en Ard\u00e8che.<\/li>\n<\/ul>\n<p>Notre \u00e9quipe est \u00e0 votre disposition pour construire avec vous un programme personnalis\u00e9 : s\u00e9minaire d\u2019entreprise, s\u00e9jour \u00e0 th\u00e8me, journ\u00e9e d\u2019\u00e9tude, lancement de produit, tournage, \u00e9v\u00e9nement priv\u00e9\u2026<\/p>\n<p><a href=\"https:\/\/domainewalbaum.com\/contact-acces\/\">Contactez-nous<\/a> pour organiser votre prochain s\u00e9minaire dans les Gorges de l\u2019Ard\u00e8che au Domaine Walbaum. Offrez \u00e0 vos collaborateurs un \u00e9v\u00e9nement professionnel o\u00f9 travail, d\u00e9tente et inspiration se conjuguent au c\u0153ur d\u2019un cadre naturel d\u2019exception.<\/p>\n<p>&nbsp;<\/p>\n<p>[\/et_pb_accordion_item][\/et_pb_accordion][\/et_pb_column][\/et_pb_row][\/et_pb_section]<\/p>\n","protected":false},"excerpt":{"rendered":"<p>La Villa Walbaum, au c\u0153ur du vignoble, vous offre un lieu privil\u00e9gi\u00e9 de travail et de d\u00e9tente pour vos \u00e9v\u00e9nements professionnels ou personnels&#8230;<div class=\"et_pb_module dsm_text_divider dsm_text_divider_0\">\n\t\t\t\t\n\t\t\t\t\n\t\t\t\t\n\t\t\t\t\n\t\t\t\t\n\t\t\t\t\n\t\t\t\t<div class=\"et_pb_module_inner\">\n\t\t\t\t\t<div class=\"dsm-text-divider-wrapper dsm-text-divider-align-center et_pb_bg_layout_light\">\n\t\t\t\t\n\t\t\t\t\n\t\t\t\t<div class=\"dsm-text-divider-before dsm-divider\"><\/div>\n\t\t\t\t<h3 class=\"dsm-text-divider-header et_pb_module_header\"><span>\u00c9v\u00e9nements priv\u00e9s<\/span><\/h3>\n\t\t\t\t<div class=\"dsm-text-divider-after dsm-divider\"><\/div>\n\t\t\t<\/div>\n\t\t\t\t<\/div>\n\t\t\t<\/div>C\u00e9l\u00e9brez votre mariage dans les Gorges de l&rsquo;Ard\u00e8che ou bien une r\u00e9unions de famille, un bapt\u00eames, un anniversaires.. [&hellip;]<\/p>\n","protected":false},"author":1,"featured_media":4641,"parent":0,"menu_order":0,"comment_status":"closed","ping_status":"closed","template":"","meta":{"_et_pb_use_builder":"on","_et_pb_old_content":"","_et_gb_content_width":"","footnotes":""},"class_list":["post-1742","page","type-page","status-publish","has-post-thumbnail","hentry"],"_links":{"self":[{"href":"https:\/\/domainewalbaum.com\/en\/wp-json\/wp\/v2\/pages\/1742","targetHints":{"allow":["GET"]}}],"collection":[{"href":"https:\/\/domainewalbaum.com\/en\/wp-json\/wp\/v2\/pages"}],"about":[{"href":"https:\/\/domainewalbaum.com\/en\/wp-json\/wp\/v2\/types\/page"}],"author":[{"embeddable":true,"href":"https:\/\/domainewalbaum.com\/en\/wp-json\/wp\/v2\/users\/1"}],"replies":[{"embeddable":true,"href":"https:\/\/domainewalbaum.com\/en\/wp-json\/wp\/v2\/comments?post=1742"}],"version-history":[{"count":39,"href":"https:\/\/domainewalbaum.com\/en\/wp-json\/wp\/v2\/pages\/1742\/revisions"}],"predecessor-version":[{"id":6429,"href":"https:\/\/domainewalbaum.com\/en\/wp-json\/wp\/v2\/pages\/1742\/revisions\/6429"}],"wp:featuredmedia":[{"embeddable":true,"href":"https:\/\/domainewalbaum.com\/en\/wp-json\/wp\/v2\/media\/4641"}],"wp:attachment":[{"href":"https:\/\/domainewalbaum.com\/en\/wp-json\/wp\/v2\/media?parent=1742"}],"curies":[{"name":"wp","href":"https:\/\/api.w.org\/{rel}","templated":true}]}}