{"id":1778,"date":"2020-12-22T11:57:43","date_gmt":"2020-12-22T11:57:43","guid":{"rendered":"https:\/\/domainewalbaum.com\/?page_id=1778"},"modified":"2025-11-21T10:11:16","modified_gmt":"2025-11-21T09:11:16","slug":"contact-acces","status":"publish","type":"page","link":"https:\/\/domainewalbaum.com\/en\/contact-acces\/","title":{"rendered":"Contact &amp; Access"},"content":{"rendered":"<p>[et_pb_section fb_built=\u00a0\u00bb1&Prime; _builder_version=\u00a0\u00bb4.27.4&Prime; _module_preset=\u00a0\u00bbdefault\u00a0\u00bb background_image=\u00a0\u00bbhttps:\/\/domainewalbaum.com\/wp-content\/uploads\/2021\/01\/COUVERTURE-page-Domaine-MENU-ACCUEIL-Domaine-scaled.jpg\u00a0\u00bb custom_margin=\u00a0\u00bb-7%||||false|false\u00a0\u00bb custom_padding=\u00a0\u00bb10%||20%||false|false\u00a0\u00bb global_colors_info=\u00a0\u00bb{}\u00a0\u00bb][et_pb_row _builder_version=\u00a0\u00bb4.16&Prime; _module_preset=\u00a0\u00bbdefault\u00a0\u00bb global_colors_info=\u00a0\u00bb{}\u00a0\u00bb][et_pb_column type=\u00a0\u00bb4_4&Prime; _builder_version=\u00a0\u00bb4.16&Prime; _module_preset=\u00a0\u00bbdefault\u00a0\u00bb global_colors_info=\u00a0\u00bb{}\u00a0\u00bb][\/et_pb_column][\/et_pb_row][\/et_pb_section][et_pb_section fb_built=\u00a0\u00bb1&Prime; _builder_version=\u00a0\u00bb4.16&Prime; _module_preset=\u00a0\u00bbdefault\u00a0\u00bb custom_padding=\u00a0\u00bb||0px|||\u00a0\u00bb global_colors_info=\u00a0\u00bb{}\u00a0\u00bb][et_pb_row _builder_version=\u00a0\u00bb4.16&Prime; _module_preset=\u00a0\u00bbdefault\u00a0\u00bb global_colors_info=\u00a0\u00bb{}\u00a0\u00bb][et_pb_column type=\u00a0\u00bb4_4&Prime; _builder_version=\u00a0\u00bb4.16&Prime; _module_preset=\u00a0\u00bbdefault\u00a0\u00bb global_colors_info=\u00a0\u00bb{}\u00a0\u00bb][dsm_text_divider header=\u00a0\u00bbContact\u00a0\u00bb color=\u00a0\u00bb#b48f7b\u00a0\u00bb divider_weight=\u00a0\u00bb3px\u00a0\u00bb admin_label=\u00a0\u00bbContact\u00a0\u00bb _builder_version=\u00a0\u00bb4.16&Prime; _module_preset=\u00a0\u00bbdefault\u00a0\u00bb header_level=\u00a0\u00bbh2&Prime; header_font=\u00a0\u00bbRomantic couple|700|||||||\u00a0\u00bb header_text_color=\u00a0\u00bb#b48f7b\u00a0\u00bb header_font_size=\u00a0\u00bb60px\u00a0\u00bb width=\u00a0\u00bb70%\u00a0\u00bb width_tablet=\u00a0\u00bb\u00a0\u00bb width_phone=\u00a0\u00bb100%\u00a0\u00bb width_last_edited=\u00a0\u00bbon|phone\u00a0\u00bb module_alignment=\u00a0\u00bbcenter\u00a0\u00bb header_font_size_tablet=\u00a0\u00bb\u00a0\u00bb header_font_size_phone=\u00a0\u00bb40px\u00a0\u00bb header_font_size_last_edited=\u00a0\u00bbon|phone\u00a0\u00bb global_colors_info=\u00a0\u00bb{}\u00a0\u00bb][\/dsm_text_divider][\/et_pb_column][\/et_pb_row][\/et_pb_section][et_pb_section fb_built=\u00a0\u00bb1&Prime; _builder_version=\u00a0\u00bb4.16&Prime; _module_preset=\u00a0\u00bbdefault\u00a0\u00bb custom_padding=\u00a0\u00bb||0px|||\u00a0\u00bb global_colors_info=\u00a0\u00bb{}\u00a0\u00bb][et_pb_row column_structure=\u00a0\u00bb1_2,1_2&Prime; make_equal=\u00a0\u00bbon\u00a0\u00bb _builder_version=\u00a0\u00bb4.16&Prime; _module_preset=\u00a0\u00bbdefault\u00a0\u00bb global_colors_info=\u00a0\u00bb{}\u00a0\u00bb][et_pb_column type=\u00a0\u00bb1_2&Prime; _builder_version=\u00a0\u00bb4.16&Prime; _module_preset=\u00a0\u00bbdefault\u00a0\u00bb global_colors_info=\u00a0\u00bb{}\u00a0\u00bb][et_pb_image src=\u00a0\u00bbhttps:\/\/domainewalbaum.com\/wp-content\/uploads\/2021\/01\/CONTACT-ET-ACCES-Degustation-experiences-vente-de-vin-scaled.jpg\u00a0\u00bb alt=\u00a0\u00bbcontact &#038; acc\u00e8s\u00a0\u00bb title_text=\u00a0\u00bbCONTACT ET ACCES &#8211; D\u00e9gustation, exp\u00e9riences, vente de vin\u00a0\u00bb _builder_version=\u00a0\u00bb4.16&Prime; _module_preset=\u00a0\u00bbdefault\u00a0\u00bb global_colors_info=\u00a0\u00bb{}\u00a0\u00bb][\/et_pb_image][\/et_pb_column][et_pb_column type=\u00a0\u00bb1_2&Prime; module_class=\u00a0\u00bbcentrer-verticalement\u00a0\u00bb _builder_version=\u00a0\u00bb4.16&Prime; _module_preset=\u00a0\u00bbdefault\u00a0\u00bb global_colors_info=\u00a0\u00bb{}\u00a0\u00bb][et_pb_text _builder_version=\u00a0\u00bb4.16&Prime; _module_preset=\u00a0\u00bbdefault\u00a0\u00bb text_font=\u00a0\u00bb||||||||\u00a0\u00bb text_font_size=\u00a0\u00bb15px\u00a0\u00bb header_2_font=\u00a0\u00bb||||||||\u00a0\u00bb header_2_text_align=\u00a0\u00bbleft\u00a0\u00bb header_2_text_color=\u00a0\u00bb#886041&Prime; text_orientation=\u00a0\u00bbcenter\u00a0\u00bb global_colors_info=\u00a0\u00bb{}\u00a0\u00bb]<\/p>\n<h2>D\u00e9gustations (uniquement sur r\u00e9servation), exp\u00e9riences, vente de vin<\/h2>\n<p>[\/et_pb_text][et_pb_text _builder_version=\u00a0\u00bb4.16&Prime; _module_preset=\u00a0\u00bbdefault\u00a0\u00bb global_colors_info=\u00a0\u00bb{}\u00a0\u00bb]<\/p>\n<p>Le caveau est ouvert du Lundi au Samedi de 9h30 \u00e0 12h30 et de 14h30 \u00e0 18h.<\/p>\n<p>[\/et_pb_text][et_pb_text _builder_version=\u00a0\u00bb4.16&Prime; _module_preset=\u00a0\u00bbdefault\u00a0\u00bb text_font=\u00a0\u00bb||||||||\u00a0\u00bb text_text_color=\u00a0\u00bb#f0a687&Prime; text_font_size=\u00a0\u00bb15px\u00a0\u00bb link_text_color=\u00a0\u00bb#f0a687&Prime; global_colors_info=\u00a0\u00bb{}\u00a0\u00bb]<img loading=\"lazy\" decoding=\"async\" class=\"wp-image-1822 size-full alignleft\" style=\"vertical-align: middle;\" src=\"https:\/\/domainewalbaum.com\/wp-content\/uploads\/2020\/12\/mini-mail-8.png\" alt=\"\" width=\"38\" height=\"27\" srcset=\"https:\/\/domainewalbaum.com\/wp-content\/uploads\/2020\/12\/mini-mail-8.png 38w, https:\/\/domainewalbaum.com\/wp-content\/uploads\/2020\/12\/mini-mail-8-18x12.png 18w\" sizes=\"(max-width: 38px) 100vw, 38px\" \/> <a href=\"mailto:com@domainewalbaum.com\">com@domainewalbaum.com<\/a><\/p>\n<p><img loading=\"lazy\" decoding=\"async\" class=\"wp-image-1823 size-full alignleft\" style=\"vertical-align: middle;\" src=\"https:\/\/domainewalbaum.com\/wp-content\/uploads\/2020\/12\/mini-tel-8.png\" alt=\"\" width=\"31\" height=\"31\" srcset=\"https:\/\/domainewalbaum.com\/wp-content\/uploads\/2020\/12\/mini-tel-8.png 31w, https:\/\/domainewalbaum.com\/wp-content\/uploads\/2020\/12\/mini-tel-8-12x12.png 12w\" sizes=\"(max-width: 31px) 100vw, 31px\" \/>+33 (0)4 75 88 01 70[\/et_pb_text][\/et_pb_column][\/et_pb_row][et_pb_row column_structure=\u00a0\u00bb1_2,1_2&Prime; make_equal=\u00a0\u00bbon\u00a0\u00bb _builder_version=\u00a0\u00bb4.16&Prime; _module_preset=\u00a0\u00bbdefault\u00a0\u00bb global_colors_info=\u00a0\u00bb{}\u00a0\u00bb][et_pb_column type=\u00a0\u00bb1_2&Prime; module_class=\u00a0\u00bbcentrer-verticalement\u00a0\u00bb _builder_version=\u00a0\u00bb4.16&Prime; _module_preset=\u00a0\u00bbdefault\u00a0\u00bb global_colors_info=\u00a0\u00bb{}\u00a0\u00bb][et_pb_text _builder_version=\u00a0\u00bb4.21.0&Prime; _module_preset=\u00a0\u00bbdefault\u00a0\u00bb text_font=\u00a0\u00bb||||||||\u00a0\u00bb text_font_size=\u00a0\u00bb15px\u00a0\u00bb header_2_font=\u00a0\u00bb||||||||\u00a0\u00bb header_2_text_align=\u00a0\u00bbleft\u00a0\u00bb header_2_text_color=\u00a0\u00bb#886041&Prime; text_orientation=\u00a0\u00bbcenter\u00a0\u00bb global_colors_info=\u00a0\u00bb{}\u00a0\u00bb]<\/p>\n<h2>H\u00f4tel Villa Walbaum****<\/h2>\n<p>[\/et_pb_text][et_pb_text _builder_version=\u00a0\u00bb4.21.0&Prime; _module_preset=\u00a0\u00bbdefault\u00a0\u00bb text_font=\u00a0\u00bb||||||||\u00a0\u00bb text_text_color=\u00a0\u00bb#f0a687&Prime; text_font_size=\u00a0\u00bb15px\u00a0\u00bb link_text_color=\u00a0\u00bb#f0a687&Prime; global_colors_info=\u00a0\u00bb{}\u00a0\u00bb]<\/p>\n<p><img loading=\"lazy\" decoding=\"async\" class=\"wp-image-1822 size-full alignleft\" style=\"vertical-align: middle;\" src=\"https:\/\/domainewalbaum.com\/wp-content\/uploads\/2020\/12\/mini-mail-8.png\" alt=\"\" width=\"38\" height=\"27\" srcset=\"https:\/\/domainewalbaum.com\/wp-content\/uploads\/2020\/12\/mini-mail-8.png 38w, https:\/\/domainewalbaum.com\/wp-content\/uploads\/2020\/12\/mini-mail-8-18x12.png 18w\" sizes=\"(max-width: 38px) 100vw, 38px\" \/> <span style=\"color: #886041;\">R\u00e9servation<\/span><br \/><a href=\"mailto:booking@villawalbaum.com\">booking@villawalbaum.com<\/a><\/p>\n<p><img loading=\"lazy\" decoding=\"async\" class=\"wp-image-1822 size-full alignleft\" style=\"vertical-align: middle;\" src=\"https:\/\/domainewalbaum.com\/wp-content\/uploads\/2020\/12\/mini-mail-8.png\" alt=\"\" width=\"38\" height=\"27\" srcset=\"https:\/\/domainewalbaum.com\/wp-content\/uploads\/2020\/12\/mini-mail-8.png 38w, https:\/\/domainewalbaum.com\/wp-content\/uploads\/2020\/12\/mini-mail-8-18x12.png 18w\" sizes=\"(max-width: 38px) 100vw, 38px\" \/> <span style=\"color: #886041;\">Informations<\/span><br \/><a href=\"mailto:contact@villawalbaum.com\">contact@villawalbaum.com<\/a><\/p>\n<p><img loading=\"lazy\" decoding=\"async\" class=\"wp-image-1823 size-full alignleft\" src=\"https:\/\/domainewalbaum.com\/wp-content\/uploads\/2020\/12\/mini-tel-8.png\" alt=\"\" width=\"31\" height=\"31\" srcset=\"https:\/\/domainewalbaum.com\/wp-content\/uploads\/2020\/12\/mini-tel-8.png 31w, https:\/\/domainewalbaum.com\/wp-content\/uploads\/2020\/12\/mini-tel-8-12x12.png 12w\" sizes=\"(max-width: 31px) 100vw, 31px\" \/> +33 (0)4 75 88 04 04<\/p>\n<p>[\/et_pb_text][\/et_pb_column][et_pb_column type=\u00a0\u00bb1_2&Prime; _builder_version=\u00a0\u00bb4.16&Prime; _module_preset=\u00a0\u00bbdefault\u00a0\u00bb global_colors_info=\u00a0\u00bb{}\u00a0\u00bb][et_pb_image src=\u00a0\u00bbhttps:\/\/domainewalbaum.com\/wp-content\/uploads\/2021\/06\/Chambre_205-scaled.jpg\u00a0\u00bb title_text=\u00a0\u00bbChambre_205&Prime; _builder_version=\u00a0\u00bb4.16&Prime; _module_preset=\u00a0\u00bbdefault\u00a0\u00bb global_colors_info=\u00a0\u00bb{}\u00a0\u00bb][\/et_pb_image][\/et_pb_column][\/et_pb_row][et_pb_row column_structure=\u00a0\u00bb1_2,1_2&Prime; make_equal=\u00a0\u00bbon\u00a0\u00bb _builder_version=\u00a0\u00bb4.16&Prime; _module_preset=\u00a0\u00bbdefault\u00a0\u00bb global_colors_info=\u00a0\u00bb{}\u00a0\u00bb][et_pb_column type=\u00a0\u00bb1_2&Prime; _builder_version=\u00a0\u00bb4.16&Prime; _module_preset=\u00a0\u00bbdefault\u00a0\u00bb global_colors_info=\u00a0\u00bb{}\u00a0\u00bb][et_pb_image src=\u00a0\u00bbhttps:\/\/domainewalbaum.com\/wp-content\/uploads\/2021\/06\/IMG_20210625_193458_1-scaled.jpg\u00a0\u00bb alt=\u00a0\u00bbcontact &#038; acc\u00e8s\u00a0\u00bb title_text=\u00a0\u00bbIMG_20210625_193458_1&Prime; _builder_version=\u00a0\u00bb4.16&Prime; _module_preset=\u00a0\u00bbdefault\u00a0\u00bb global_colors_info=\u00a0\u00bb{}\u00a0\u00bb][\/et_pb_image][\/et_pb_column][et_pb_column type=\u00a0\u00bb1_2&Prime; module_class=\u00a0\u00bbcentrer-verticalement\u00a0\u00bb _builder_version=\u00a0\u00bb4.16&Prime; _module_preset=\u00a0\u00bbdefault\u00a0\u00bb global_colors_info=\u00a0\u00bb{}\u00a0\u00bb][et_pb_text _builder_version=\u00a0\u00bb4.16&Prime; _module_preset=\u00a0\u00bbdefault\u00a0\u00bb text_font=\u00a0\u00bb||||||||\u00a0\u00bb text_font_size=\u00a0\u00bb15px\u00a0\u00bb header_2_font=\u00a0\u00bb||||||||\u00a0\u00bb header_2_text_align=\u00a0\u00bbleft\u00a0\u00bb header_2_text_color=\u00a0\u00bb#886041&Prime; text_orientation=\u00a0\u00bbcenter\u00a0\u00bb global_colors_info=\u00a0\u00bb{}\u00a0\u00bb]<\/p>\n<h2>S\u00e9minaires, r\u00e9ceptions, \u00e9v\u00e9nements priv\u00e9s<\/h2>\n<p>[\/et_pb_text][et_pb_text _builder_version=\u00a0\u00bb4.27.4&Prime; _module_preset=\u00a0\u00bbdefault\u00a0\u00bb text_font=\u00a0\u00bb||||||||\u00a0\u00bb text_font_size=\u00a0\u00bb15px\u00a0\u00bb link_text_color=\u00a0\u00bb#f0a687&Prime; hover_enabled=\u00a0\u00bb0&Prime; global_colors_info=\u00a0\u00bb{}\u00a0\u00bb sticky_enabled=\u00a0\u00bb0&Prime;]<\/p>\n<p><a href=\"https:\/\/domainewalbaum.com\/evenements\/\">S\u00e9minaire dans les Gorges de l&rsquo;Ard\u00e8che\u00a0<\/a><\/p>\n<p><a href=\"https:\/\/domainewalbaum.com\/mariage-gorges-ardeche\/\">Mariage dans les Gorges de l&rsquo;Ard\u00e8che\u00a0<\/a><\/p>\n<p>[\/et_pb_text][et_pb_text _builder_version=\u00a0\u00bb4.16&Prime; _module_preset=\u00a0\u00bbdefault\u00a0\u00bb text_font=\u00a0\u00bb||||||||\u00a0\u00bb text_font_size=\u00a0\u00bb15px\u00a0\u00bb link_text_color=\u00a0\u00bb#f0a687&Prime; global_colors_info=\u00a0\u00bb{}\u00a0\u00bb]<\/p>\n<p><img loading=\"lazy\" decoding=\"async\" class=\"wp-image-1822 alignnone size-full\" style=\"vertical-align: middle;\" src=\"https:\/\/domainewalbaum.com\/wp-content\/uploads\/2020\/12\/mini-mail-8.png\" alt=\"\" width=\"38\" height=\"27\" srcset=\"https:\/\/domainewalbaum.com\/wp-content\/uploads\/2020\/12\/mini-mail-8.png 38w, https:\/\/domainewalbaum.com\/wp-content\/uploads\/2020\/12\/mini-mail-8-18x12.png 18w\" sizes=\"(max-width: 38px) 100vw, 38px\" \/> <a href=\"mailto:com@villawalbaum.com\">com@villawalbaum.com<\/a><\/p>\n<p>[\/et_pb_text][\/et_pb_column][\/et_pb_row][\/et_pb_section][et_pb_section fb_built=\u00a0\u00bb1&Prime; _builder_version=\u00a0\u00bb4.16&Prime; _module_preset=\u00a0\u00bbdefault\u00a0\u00bb custom_padding=\u00a0\u00bb0px|||||\u00a0\u00bb global_colors_info=\u00a0\u00bb{}\u00a0\u00bb][et_pb_row _builder_version=\u00a0\u00bb4.16&Prime; _module_preset=\u00a0\u00bbdefault\u00a0\u00bb global_colors_info=\u00a0\u00bb{}\u00a0\u00bb][et_pb_column type=\u00a0\u00bb4_4&Prime; _builder_version=\u00a0\u00bb4.16&Prime; _module_preset=\u00a0\u00bbdefault\u00a0\u00bb global_colors_info=\u00a0\u00bb{}\u00a0\u00bb][dsm_text_divider header=\u00a0\u00bbVenir nous voir\u00a0\u00bb color=\u00a0\u00bb#b48f7b\u00a0\u00bb divider_weight=\u00a0\u00bb3px\u00a0\u00bb _builder_version=\u00a0\u00bb4.16&Prime; _module_preset=\u00a0\u00bbdefault\u00a0\u00bb header_level=\u00a0\u00bbh2&Prime; header_font=\u00a0\u00bbRomantic couple|700|||||||\u00a0\u00bb header_text_color=\u00a0\u00bb#b48f7b\u00a0\u00bb header_font_size=\u00a0\u00bb60px\u00a0\u00bb width=\u00a0\u00bb70%\u00a0\u00bb width_tablet=\u00a0\u00bb\u00a0\u00bb width_phone=\u00a0\u00bb100%\u00a0\u00bb width_last_edited=\u00a0\u00bbon|phone\u00a0\u00bb module_alignment=\u00a0\u00bbcenter\u00a0\u00bb header_font_size_tablet=\u00a0\u00bb\u00a0\u00bb header_font_size_phone=\u00a0\u00bb40px\u00a0\u00bb header_font_size_last_edited=\u00a0\u00bbon|phone\u00a0\u00bb global_colors_info=\u00a0\u00bb{}\u00a0\u00bb][\/dsm_text_divider][et_pb_text _builder_version=\u00a0\u00bb4.16&Prime; _module_preset=\u00a0\u00bbdefault\u00a0\u00bb text_font=\u00a0\u00bb||||||||\u00a0\u00bb text_font_size=\u00a0\u00bb15px\u00a0\u00bb text_orientation=\u00a0\u00bbcenter\u00a0\u00bb global_colors_info=\u00a0\u00bb{}\u00a0\u00bb]<\/p>\n<p>Domaine Walbaum<br \/>615, route des Estrades<br \/>07150 Vallon Pont d\u2019Arc<\/p>\n<p>[\/et_pb_text][et_pb_text _builder_version=\u00a0\u00bb4.16&Prime; _module_preset=\u00a0\u00bbdefault\u00a0\u00bb text_font=\u00a0\u00bb||||||||\u00a0\u00bb text_text_color=\u00a0\u00bb#886041&Prime; text_font_size=\u00a0\u00bb20px\u00a0\u00bb global_colors_info=\u00a0\u00bb{}\u00a0\u00bb]<\/p>\n<p><img loading=\"lazy\" decoding=\"async\" class=\"wp-image-1829 alignnone size-full\" src=\"https:\/\/domainewalbaum.com\/wp-content\/uploads\/2020\/12\/route-8.png\" alt=\"\" width=\"42\" height=\"25\" srcset=\"https:\/\/domainewalbaum.com\/wp-content\/uploads\/2020\/12\/route-8.png 42w, https:\/\/domainewalbaum.com\/wp-content\/uploads\/2020\/12\/route-8-18x12.png 18w\" sizes=\"(max-width: 42px) 100vw, 42px\" \/> Par la route<\/p>\n<p>[\/et_pb_text][et_pb_text _builder_version=\u00a0\u00bb4.16&Prime; _module_preset=\u00a0\u00bbdefault\u00a0\u00bb text_font=\u00a0\u00bb||||||||\u00a0\u00bb text_font_size=\u00a0\u00bb15px\u00a0\u00bb custom_padding=\u00a0\u00bb|||5%|false|false\u00a0\u00bb global_colors_info=\u00a0\u00bb{}\u00a0\u00bb]<\/p>\n<ul>\n<li>\u00a0Depuis le nord par l&rsquo;A7 et l&rsquo;A49, sortie 18 (Mont\u00e9limar Sud). Direction Pierrelatte puis Bourg Saint-And\u00e9ol, Saint-Rem\u00e8ze, Vallon Pont d\u2019Arc, Aven d\u2019Orgnac et enfin Ruoms\/Route de Ruoms.<\/li>\n<li>Depuis le sud par l&rsquo;A7 ou l&rsquo;A9, sortie 19 (Boll\u00e8ne). Direction Bourg Saint-And\u00e9ol puis Saint-Rem\u00e8ze, Vallon Pont d&rsquo;Arc puis Aven d\u2019Orgnac et\u00a0enfin Ruoms\/Route de Ruoms.<\/li>\n<li>\u00c0 2H30 de Lyon, Marseille et Montpellier.<\/li>\n<li>\u00c0 1h30 d&rsquo;Avignon, N\u00eemes et Valence.<\/li>\n<\/ul>\n<p>[\/et_pb_text][et_pb_text _builder_version=\u00a0\u00bb4.16&Prime; _module_preset=\u00a0\u00bbdefault\u00a0\u00bb text_font=\u00a0\u00bb||||||||\u00a0\u00bb text_text_color=\u00a0\u00bb#886041&Prime; text_font_size=\u00a0\u00bb20px\u00a0\u00bb global_colors_info=\u00a0\u00bb{}\u00a0\u00bb]<\/p>\n<p><img loading=\"lazy\" decoding=\"async\" class=\"wp-image-1827 alignnone size-full\" src=\"https:\/\/domainewalbaum.com\/wp-content\/uploads\/2020\/12\/train-8.png\" alt=\"\" width=\"45\" height=\"24\" srcset=\"https:\/\/domainewalbaum.com\/wp-content\/uploads\/2020\/12\/train-8.png 45w, https:\/\/domainewalbaum.com\/wp-content\/uploads\/2020\/12\/train-8-18x10.png 18w\" sizes=\"(max-width: 45px) 100vw, 45px\" \/>\u00a0En train<\/p>\n<p>[\/et_pb_text][et_pb_text _builder_version=\u00a0\u00bb4.16&Prime; _module_preset=\u00a0\u00bbdefault\u00a0\u00bb text_font=\u00a0\u00bb||||||||\u00a0\u00bb text_font_size=\u00a0\u00bb15px\u00a0\u00bb link_text_color=\u00a0\u00bb#f0a687&Prime; custom_padding=\u00a0\u00bb|||5%|false|false\u00a0\u00bb global_colors_info=\u00a0\u00bb{}\u00a0\u00bb]<\/p>\n<p>Gare de Valence TGV ou de Mont\u00e9limar, puis Bus Rh\u00f4ne-Alpes ligne 76 jusqu&rsquo;\u00e0 Vallon-Pont-d&rsquo;Arc<br \/>(<a href=\"https:\/\/www.ter.sncf.com\/auvergne-rhone-alpes\" target=\"_blank\" rel=\"noopener\">https:\/\/www.ter.sncf.com\/auvergne-rhone-alpes<\/a>)<\/p>\n<p>[\/et_pb_text][et_pb_button button_url=\u00a0\u00bbhttps:\/\/www.laregionvoustransporte.fr\/media\/4473\/download?inline=inline\u00a0\u00bb url_new_window=\u00a0\u00bbon\u00a0\u00bb button_text=\u00a0\u00bbHoraires des cars\u00a0\u00bb _builder_version=\u00a0\u00bb4.27.4&Prime; _module_preset=\u00a0\u00bbdefault\u00a0\u00bb custom_button=\u00a0\u00bbon\u00a0\u00bb button_text_size=\u00a0\u00bb15px\u00a0\u00bb global_colors_info=\u00a0\u00bb{}\u00a0\u00bb][\/et_pb_button][et_pb_text _builder_version=\u00a0\u00bb4.16&Prime; _module_preset=\u00a0\u00bbdefault\u00a0\u00bb text_font=\u00a0\u00bb||||||||\u00a0\u00bb text_text_color=\u00a0\u00bb#886041&Prime; text_font_size=\u00a0\u00bb20px\u00a0\u00bb global_colors_info=\u00a0\u00bb{}\u00a0\u00bb]<\/p>\n<p><img loading=\"lazy\" decoding=\"async\" class=\"wp-image-1828 alignnone size-full\" src=\"https:\/\/domainewalbaum.com\/wp-content\/uploads\/2020\/12\/avion-8.png\" alt=\"\" width=\"36\" height=\"36\" srcset=\"https:\/\/domainewalbaum.com\/wp-content\/uploads\/2020\/12\/avion-8.png 36w, https:\/\/domainewalbaum.com\/wp-content\/uploads\/2020\/12\/avion-8-12x12.png 12w\" sizes=\"(max-width: 36px) 100vw, 36px\" \/>\u00a0En avion<\/p>\n<p>[\/et_pb_text][et_pb_text _builder_version=\u00a0\u00bb4.16&Prime; _module_preset=\u00a0\u00bbdefault\u00a0\u00bb text_font=\u00a0\u00bb||||||||\u00a0\u00bb text_font_size=\u00a0\u00bb15px\u00a0\u00bb link_text_color=\u00a0\u00bb#f0a687&Prime; custom_padding=\u00a0\u00bb|||5%|false|false\u00a0\u00bb global_colors_info=\u00a0\u00bb{}\u00a0\u00bb]<\/p>\n<ul>\n<li>A\u00e9roport Marseille-Provence \u00e0 160 km (<a href=\"http:\/\/marseille.aeroport.fr\" target=\"_blank\" rel=\"noopener\">www.marseille.aeroport.fr<\/a>)<\/li>\n<li>A\u00e9roport Lyon Saint-Exup\u00e9ry \u00e0 160 km (<a href=\"http:\/\/www.lyonaeroports.com\" target=\"_blank\" rel=\"noopener\">www.lyonaeroports.com<\/a>)<\/li>\n<li>A\u00e9roport d&rsquo;Avignon \u00e0 100 km (<a href=\"http:\/\/www.avignon.aero\/vols-reguliers\/\" target=\"_blank\" rel=\"noopener\">www.avignon.aero\/vols-reguliers\/<\/a>)<\/li>\n<\/ul>\n<p>[\/et_pb_text][et_pb_text _builder_version=\u00a0\u00bb4.16&Prime; _module_preset=\u00a0\u00bbdefault\u00a0\u00bb text_font=\u00a0\u00bb||||||||\u00a0\u00bb text_text_color=\u00a0\u00bb#886041&Prime; text_font_size=\u00a0\u00bb20px\u00a0\u00bb min_height=\u00a0\u00bb21px\u00a0\u00bb link_option_url=\u00a0\u00bbhttps:\/\/g.page\/domainewalbaum?share\u00a0\u00bb link_option_url_new_window=\u00a0\u00bbon\u00a0\u00bb global_colors_info=\u00a0\u00bb{}\u00a0\u00bb text_font_size__hover_enabled=\u00a0\u00bbon|hover\u00a0\u00bb text_font_size__hover=\u00a0\u00bb25px\u00a0\u00bb]<\/p>\n<p>Coordonn\u00e9es GPS : 44.411023 (latitude), 4.370483 (longitude)<\/p>\n<p>[\/et_pb_text][\/et_pb_column][\/et_pb_row][et_pb_row _builder_version=\u00a0\u00bb4.16&Prime; _module_preset=\u00a0\u00bbdefault\u00a0\u00bb global_colors_info=\u00a0\u00bb{}\u00a0\u00bb][et_pb_column type=\u00a0\u00bb4_4&Prime; _builder_version=\u00a0\u00bb4.16&Prime; _module_preset=\u00a0\u00bbdefault\u00a0\u00bb global_colors_info=\u00a0\u00bb{}\u00a0\u00bb][et_pb_text _builder_version=\u00a0\u00bb4.16&Prime; _module_preset=\u00a0\u00bbdefault\u00a0\u00bb text_font=\u00a0\u00bb||||||||\u00a0\u00bb text_text_color=\u00a0\u00bb#886041&Prime; text_font_size=\u00a0\u00bb25px\u00a0\u00bb text_orientation=\u00a0\u00bbcenter\u00a0\u00bb global_colors_info=\u00a0\u00bb{}\u00a0\u00bb]<\/p>\n<p>Vous souhaitez nous donner votre avis sur votre s\u00e9jour ?<\/p>\n<p>[\/et_pb_text][\/et_pb_column][\/et_pb_row][et_pb_row column_structure=\u00a0\u00bb1_2,1_2&Prime; _builder_version=\u00a0\u00bb4.16&Prime; _module_preset=\u00a0\u00bbdefault\u00a0\u00bb global_colors_info=\u00a0\u00bb{}\u00a0\u00bb][et_pb_column type=\u00a0\u00bb1_2&Prime; _builder_version=\u00a0\u00bb4.16&Prime; _module_preset=\u00a0\u00bbdefault\u00a0\u00bb global_colors_info=\u00a0\u00bb{}\u00a0\u00bb][et_pb_code _builder_version=\u00a0\u00bb4.16&Prime; _module_preset=\u00a0\u00bbdefault\u00a0\u00bb text_orientation=\u00a0\u00bbcenter\u00a0\u00bb global_colors_info=\u00a0\u00bb{}\u00a0\u00bb]<\/p>\n<div id=\"TA_cdswritereviewnew19\" class=\"TA_cdswritereviewnew\">\n<ul id=\"oK3F4k8RwiM\" class=\"TA_links 5swiF25\">\n<li id=\"teIEtrF\" class=\"9pI4GwL85\"><a target=\"_blank\" href=\"https:\/\/www.tripadvisor.fr\/\" rel=\"noopener\"><img decoding=\"async\" src=\"https:\/\/static.tacdn.com\/img2\/brand_refresh\/Tripadvisor_lockup_horizontal_secondary_registered.svg\" alt=\"TripAdvisor\"\/><\/a><\/li>\n<\/ul>\n<\/div>\n<p><script async src=\"https:\/\/www.jscache.com\/wejs?wtype=cdswritereviewnew&#038;uniq=19&#038;locationId=23487215&#038;lang=fr&#038;lang=fr&#038;display_version=2\" data-loadtrk onload=\"this.loadtrk=true\"><\/script>[\/et_pb_code][\/et_pb_column][et_pb_column type=\u00a0\u00bb1_2&Prime; _builder_version=\u00a0\u00bb4.16&Prime; _module_preset=\u00a0\u00bbdefault\u00a0\u00bb global_colors_info=\u00a0\u00bb{}\u00a0\u00bb][et_pb_image src=\u00a0\u00bbhttps:\/\/domainewalbaum.com\/wp-content\/uploads\/2021\/07\/index.png\u00a0\u00bb title_text=\u00a0\u00bbindex\u00a0\u00bb url=\u00a0\u00bbhttps:\/\/g.page\/r\/CcbJzWLSDn4WEAg\/review\u00a0\u00bb _builder_version=\u00a0\u00bb4.16&Prime; _module_preset=\u00a0\u00bbdefault\u00a0\u00bb global_colors_info=\u00a0\u00bb{}\u00a0\u00bb][\/et_pb_image][\/et_pb_column][\/et_pb_row][\/et_pb_section]<\/p>\n","protected":false},"excerpt":{"rendered":"<p><div class=\"et_pb_module dsm_text_divider dsm_text_divider_0\">\n\t\t\t\t\n\t\t\t\t\n\t\t\t\t\n\t\t\t\t\n\t\t\t\t\n\t\t\t\t\n\t\t\t\t<div class=\"et_pb_module_inner\">\n\t\t\t\t\t<div class=\"dsm-text-divider-wrapper dsm-text-divider-align-center et_pb_bg_layout_light\">\n\t\t\t\t\n\t\t\t\t\n\t\t\t\t<div class=\"dsm-text-divider-before dsm-divider\"><\/div>\n\t\t\t\t<h2 class=\"dsm-text-divider-header et_pb_module_header\"><span>Contact<\/span><\/h2>\n\t\t\t\t<div class=\"dsm-text-divider-after dsm-divider\"><\/div>\n\t\t\t<\/div>\n\t\t\t\t<\/div>\n\t\t\t<\/div>D\u00e9gustations (uniquement sur r\u00e9servation), exp\u00e9riences, vente de vinLe caveau est ouvert du Lundi au Samedi de 9h30 \u00e0 12h30 et de 14h30 \u00e0 18h. com@domainewalbaum.com +33 (0)4 75 88 01 70H\u00f4tel Villa Walbaum**** R\u00e9servationbooking@villawalbaum.com Informationscontact@villawalbaum.com [&hellip;]<\/p>\n","protected":false},"author":1,"featured_media":0,"parent":0,"menu_order":0,"comment_status":"closed","ping_status":"closed","template":"","meta":{"_et_pb_use_builder":"on","_et_pb_old_content":"","_et_gb_content_width":"","footnotes":""},"class_list":["post-1778","page","type-page","status-publish","hentry"],"_links":{"self":[{"href":"https:\/\/domainewalbaum.com\/en\/wp-json\/wp\/v2\/pages\/1778","targetHints":{"allow":["GET"]}}],"collection":[{"href":"https:\/\/domainewalbaum.com\/en\/wp-json\/wp\/v2\/pages"}],"about":[{"href":"https:\/\/domainewalbaum.com\/en\/wp-json\/wp\/v2\/types\/page"}],"author":[{"embeddable":true,"href":"https:\/\/domainewalbaum.com\/en\/wp-json\/wp\/v2\/users\/1"}],"replies":[{"embeddable":true,"href":"https:\/\/domainewalbaum.com\/en\/wp-json\/wp\/v2\/comments?post=1778"}],"version-history":[{"count":35,"href":"https:\/\/domainewalbaum.com\/en\/wp-json\/wp\/v2\/pages\/1778\/revisions"}],"predecessor-version":[{"id":6375,"href":"https:\/\/domainewalbaum.com\/en\/wp-json\/wp\/v2\/pages\/1778\/revisions\/6375"}],"wp:attachment":[{"href":"https:\/\/domainewalbaum.com\/en\/wp-json\/wp\/v2\/media?parent=1778"}],"curies":[{"name":"wp","href":"https:\/\/api.w.org\/{rel}","templated":true}]}}