{"id":2332,"date":"2021-01-12T14:16:27","date_gmt":"2021-01-12T14:16:27","guid":{"rendered":"https:\/\/domainewalbaum.com\/?page_id=2332"},"modified":"2024-12-15T15:52:21","modified_gmt":"2024-12-15T14:52:21","slug":"recrutement","status":"publish","type":"page","link":"https:\/\/domainewalbaum.com\/en\/recrutement\/","title":{"rendered":"Recruitment"},"content":{"rendered":"<p>[et_pb_section fb_built=\u00a0\u00bb1&Prime; _builder_version=\u00a0\u00bb4.16&Prime; _module_preset=\u00a0\u00bbdefault\u00a0\u00bb background_image=\u00a0\u00bbhttps:\/\/domainewalbaum.com\/wp-content\/uploads\/2021\/01\/COUVERTURE-page-Domaine-MENU-ACCUEIL-Domaine-scaled.jpg\u00a0\u00bb custom_margin=\u00a0\u00bb-7%||||false|false\u00a0\u00bb custom_padding=\u00a0\u00bb4.3%||20%||false|false\u00a0\u00bb global_colors_info=\u00a0\u00bb{}\u00a0\u00bb][et_pb_row _builder_version=\u00a0\u00bb4.16&Prime; _module_preset=\u00a0\u00bbdefault\u00a0\u00bb global_colors_info=\u00a0\u00bb{}\u00a0\u00bb][et_pb_column type=\u00a0\u00bb4_4&Prime; _builder_version=\u00a0\u00bb4.16&Prime; _module_preset=\u00a0\u00bbdefault\u00a0\u00bb global_colors_info=\u00a0\u00bb{}\u00a0\u00bb][\/et_pb_column][\/et_pb_row][\/et_pb_section][et_pb_section fb_built=\u00a0\u00bb1&Prime; _builder_version=\u00a0\u00bb4.16&Prime; _module_preset=\u00a0\u00bbdefault\u00a0\u00bb custom_padding=\u00a0\u00bb||0px|||\u00a0\u00bb global_colors_info=\u00a0\u00bb{}\u00a0\u00bb][et_pb_row _builder_version=\u00a0\u00bb4.16&Prime; _module_preset=\u00a0\u00bbdefault\u00a0\u00bb global_colors_info=\u00a0\u00bb{}\u00a0\u00bb][et_pb_column type=\u00a0\u00bb4_4&Prime; _builder_version=\u00a0\u00bb4.16&Prime; _module_preset=\u00a0\u00bbdefault\u00a0\u00bb global_colors_info=\u00a0\u00bb{}\u00a0\u00bb][dsm_text_divider header=\u00a0\u00bbRecrutement\u00a0\u00bb color=\u00a0\u00bb#b48f7b\u00a0\u00bb divider_weight=\u00a0\u00bb4px\u00a0\u00bb _builder_version=\u00a0\u00bb4.16&Prime; _module_preset=\u00a0\u00bbdefault\u00a0\u00bb header_font=\u00a0\u00bbRomantic couple|700|||||||\u00a0\u00bb header_text_color=\u00a0\u00bb#b48f7b\u00a0\u00bb header_font_size=\u00a0\u00bb60px\u00a0\u00bb width=\u00a0\u00bb70%\u00a0\u00bb module_alignment=\u00a0\u00bbcenter\u00a0\u00bb global_colors_info=\u00a0\u00bb{}\u00a0\u00bb][\/dsm_text_divider][\/et_pb_column][\/et_pb_row][\/et_pb_section][et_pb_section fb_built=\u00a0\u00bb1&Prime; _builder_version=\u00a0\u00bb4.16&Prime; _module_preset=\u00a0\u00bbdefault\u00a0\u00bb global_colors_info=\u00a0\u00bb{}\u00a0\u00bb][et_pb_row _builder_version=\u00a0\u00bb4.16&Prime; _module_preset=\u00a0\u00bbdefault\u00a0\u00bb global_colors_info=\u00a0\u00bb{}\u00a0\u00bb][et_pb_column type=\u00a0\u00bb4_4&Prime; _builder_version=\u00a0\u00bb4.16&Prime; _module_preset=\u00a0\u00bbdefault\u00a0\u00bb global_colors_info=\u00a0\u00bb{}\u00a0\u00bb][et_pb_accordion admin_label=\u00a0\u00bbAccord\u00e9on postes\u00a0\u00bb _builder_version=\u00a0\u00bb4.27.0&Prime; _module_preset=\u00a0\u00bbdefault\u00a0\u00bb db_closeable=\u00a0\u00bbon\u00a0\u00bb db_initial_state=\u00a0\u00bball_closed\u00a0\u00bb global_colors_info=\u00a0\u00bb{}\u00a0\u00bb][et_pb_accordion_item title=\u00a0\u00bbFemme\/valet de chambre polyvalent\u00b7e\u00a0\u00bb open=\u00a0\u00bbon\u00a0\u00bb open_toggle_text_color=\u00a0\u00bb#886041&Prime; icon_color=\u00a0\u00bb#886041&Prime; open_icon_color=\u00a0\u00bb#886041&Prime; _builder_version=\u00a0\u00bb4.16&Prime; _module_preset=\u00a0\u00bbdefault\u00a0\u00bb global_colors_info=\u00a0\u00bb{}\u00a0\u00bb toggle_text_color=\u00a0\u00bb#886041&Prime; toggle_level=\u00a0\u00bbh2&Prime; toggle_font=\u00a0\u00bb|||on|||||\u00a0\u00bb toggle_text_align=\u00a0\u00bbcenter\u00a0\u00bb toggle_font_size=\u00a0\u00bb24px\u00a0\u00bb]<\/p>\n<ul>\n<li>Responsable du nettoyage des chambres et des lieux communs.<\/li>\n<li>Entretien et rangement des locaux, contr\u00f4le des stocks.<\/li>\n<li>Organise le chariot de linge en fonction des besoins.<\/li>\n<li>Sens du service et de la propret\u00e9, discr\u00e9tion et rapidit\u00e9 d\u2019ex\u00e9cution sont les qualit\u00e9s requises pour ce poste.<\/li>\n<\/ul>\n<p>[\/et_pb_accordion_item][et_pb_accordion_item title=\u00a0\u00bbR\u00e9ceptionniste H\/F\u00a0\u00bb open_toggle_text_color=\u00a0\u00bb#886041&Prime; icon_color=\u00a0\u00bb#886041&Prime; open_icon_color=\u00a0\u00bb#886041&Prime; _builder_version=\u00a0\u00bb4.16&Prime; _module_preset=\u00a0\u00bbdefault\u00a0\u00bb global_colors_info=\u00a0\u00bb{}\u00a0\u00bb toggle_text_color=\u00a0\u00bb#886041&Prime; toggle_level=\u00a0\u00bbh2&Prime; toggle_font=\u00a0\u00bb|||on|||||\u00a0\u00bb toggle_text_align=\u00a0\u00bbcenter\u00a0\u00bb toggle_font_size=\u00a0\u00bb24px\u00a0\u00bb open=\u00a0\u00bboff\u00a0\u00bb]<\/p>\n<ul>\n<li>Assurer l&rsquo;accueil t\u00e9l\u00e9phonique et physique des clients<\/li>\n<li>R\u00e9aliser les proc\u00e9dures Check-in \/ Check-out<\/li>\n<li>Renseigner efficacement la client\u00e8le dans la d\u00e9couverte de l&rsquo;h\u00f4tel et des activit\u00e9s annexes de la r\u00e9gion<\/li>\n<li>Gestion administrative de la r\u00e9ception<\/li>\n<\/ul>\n<p>[\/et_pb_accordion_item][\/et_pb_accordion][\/et_pb_column][\/et_pb_row][et_pb_row _builder_version=\u00a0\u00bb4.16&Prime; _module_preset=\u00a0\u00bbdefault\u00a0\u00bb global_colors_info=\u00a0\u00bb{}\u00a0\u00bb][et_pb_column type=\u00a0\u00bb4_4&Prime; _builder_version=\u00a0\u00bb4.16&Prime; _module_preset=\u00a0\u00bbdefault\u00a0\u00bb global_colors_info=\u00a0\u00bb{}\u00a0\u00bb][dsm_text_divider header=\u00a0\u00bbVous souhaitez postuler ?\u00a0\u00bb color=\u00a0\u00bb#b48f7b\u00a0\u00bb divider_weight=\u00a0\u00bb4px\u00a0\u00bb _builder_version=\u00a0\u00bb4.16&Prime; _module_preset=\u00a0\u00bbdefault\u00a0\u00bb header_font=\u00a0\u00bbRomantic couple|700|||||||\u00a0\u00bb header_text_color=\u00a0\u00bb#b48f7b\u00a0\u00bb header_font_size=\u00a0\u00bb60px\u00a0\u00bb width=\u00a0\u00bb70%\u00a0\u00bb module_alignment=\u00a0\u00bbcenter\u00a0\u00bb global_colors_info=\u00a0\u00bb{}\u00a0\u00bb][\/dsm_text_divider][dsm_caldera_forms cf_library=\u00a0\u00bbCF5ffdbc3e70f87&Prime; input_background_color=\u00a0\u00bb#f4f4f4&Prime; _builder_version=\u00a0\u00bb4.16&Prime; _module_preset=\u00a0\u00bbdefault\u00a0\u00bb custom_button_one=\u00a0\u00bbon\u00a0\u00bb button_one_bg_use_color_gradient=\u00a0\u00bbon\u00a0\u00bb button_one_bg_color_gradient_direction=\u00a0\u00bb91deg\u00a0\u00bb button_one_bg_color_gradient_stops=\u00a0\u00bb#886041 0%|#f3b598 100%\u00a0\u00bb button_one_bg_color_gradient_start=\u00a0\u00bb#886041&Prime; button_one_bg_color_gradient_end=\u00a0\u00bb#f3b598&Prime; global_colors_info=\u00a0\u00bb{}\u00a0\u00bb][\/dsm_caldera_forms][\/et_pb_column][\/et_pb_row][\/et_pb_section]<\/p>\n","protected":false},"excerpt":{"rendered":"<p><div class=\"et_pb_module dsm_text_divider dsm_text_divider_0\">\n\t\t\t\t\n\t\t\t\t\n\t\t\t\t\n\t\t\t\t\n\t\t\t\t\n\t\t\t\t\n\t\t\t\t<div class=\"et_pb_module_inner\">\n\t\t\t\t\t<div class=\"dsm-text-divider-wrapper dsm-text-divider-align-center et_pb_bg_layout_light\">\n\t\t\t\t\n\t\t\t\t\n\t\t\t\t<div class=\"dsm-text-divider-before dsm-divider\"><\/div>\n\t\t\t\t<h3 class=\"dsm-text-divider-header et_pb_module_header\"><span>Recrutement<\/span><\/h3>\n\t\t\t\t<div class=\"dsm-text-divider-after dsm-divider\"><\/div>\n\t\t\t<\/div>\n\t\t\t\t<\/div>\n\t\t\t<\/div> Responsable du nettoyage des chambres et des lieux communs. Entretien et rangement des locaux, contr\u00f4le des stocks. Organise le chariot de linge en fonction des besoins. Sens du service et de la propret\u00e9, discr\u00e9tion et rapidit\u00e9 d\u2019ex\u00e9cution sont les qualit\u00e9s requises pour [&hellip;]<\/p>\n","protected":false},"author":1,"featured_media":2389,"parent":0,"menu_order":0,"comment_status":"closed","ping_status":"closed","template":"","meta":{"_et_pb_use_builder":"on","_et_pb_old_content":"","_et_gb_content_width":"","footnotes":""},"class_list":["post-2332","page","type-page","status-publish","has-post-thumbnail","hentry"],"_links":{"self":[{"href":"https:\/\/domainewalbaum.com\/en\/wp-json\/wp\/v2\/pages\/2332","targetHints":{"allow":["GET"]}}],"collection":[{"href":"https:\/\/domainewalbaum.com\/en\/wp-json\/wp\/v2\/pages"}],"about":[{"href":"https:\/\/domainewalbaum.com\/en\/wp-json\/wp\/v2\/types\/page"}],"author":[{"embeddable":true,"href":"https:\/\/domainewalbaum.com\/en\/wp-json\/wp\/v2\/users\/1"}],"replies":[{"embeddable":true,"href":"https:\/\/domainewalbaum.com\/en\/wp-json\/wp\/v2\/comments?post=2332"}],"version-history":[{"count":19,"href":"https:\/\/domainewalbaum.com\/en\/wp-json\/wp\/v2\/pages\/2332\/revisions"}],"predecessor-version":[{"id":5645,"href":"https:\/\/domainewalbaum.com\/en\/wp-json\/wp\/v2\/pages\/2332\/revisions\/5645"}],"wp:featuredmedia":[{"embeddable":true,"href":"https:\/\/domainewalbaum.com\/en\/wp-json\/wp\/v2\/media\/2389"}],"wp:attachment":[{"href":"https:\/\/domainewalbaum.com\/en\/wp-json\/wp\/v2\/media?parent=2332"}],"curies":[{"name":"wp","href":"https:\/\/api.w.org\/{rel}","templated":true}]}}