{"id":6418,"date":"2025-12-19T15:13:12","date_gmt":"2025-12-19T14:13:12","guid":{"rendered":"https:\/\/domainewalbaum.com\/?page_id=6418"},"modified":"2025-12-19T15:13:50","modified_gmt":"2025-12-19T14:13:50","slug":"lieu-shooting-gorges-ardeche","status":"publish","type":"page","link":"https:\/\/domainewalbaum.com\/en\/lieu-shooting-gorges-ardeche\/","title":{"rendered":"Lieu Shooting Gorges de l\u2019Ard\u00e8che"},"content":{"rendered":"<p>[et_pb_section fb_built=\u00a0\u00bb1&Prime; _builder_version=\u00a0\u00bb4.27.5&Prime; _module_preset=\u00a0\u00bbdefault\u00a0\u00bb background_image=\u00a0\u00bbhttps:\/\/domainewalbaum.com\/wp-content\/uploads\/2025\/12\/Leo-trial-mur-scaled.jpg\u00a0\u00bb custom_padding=\u00a0\u00bb10%||10%||false|false\u00a0\u00bb hover_enabled=\u00a0\u00bb0&Prime; global_colors_info=\u00a0\u00bb{}\u00a0\u00bb alt=\u00a0\u00bbLieu de shooting dans les Gorges de l\u2019Ard\u00e8che\u00a0\u00bb title_text=\u00a0\u00bbL\u00e9o trial mur\u00a0\u00bb sticky_enabled=\u00a0\u00bb0&Prime;][et_pb_row _builder_version=\u00a0\u00bb4.16&Prime; _module_preset=\u00a0\u00bbdefault\u00a0\u00bb global_colors_info=\u00a0\u00bb{}\u00a0\u00bb][et_pb_column type=\u00a0\u00bb4_4&Prime; _builder_version=\u00a0\u00bb4.16&Prime; _module_preset=\u00a0\u00bbdefault\u00a0\u00bb global_colors_info=\u00a0\u00bb{}\u00a0\u00bb][\/et_pb_column][\/et_pb_row][\/et_pb_section][et_pb_section fb_built=\u00a0\u00bb1&Prime; admin_label=\u00a0\u00bbID domaine-histoire\u00a0\u00bb module_id=\u00a0\u00bbdomaine-histoire\u00a0\u00bb _builder_version=\u00a0\u00bb4.16&Prime; _module_preset=\u00a0\u00bbdefault\u00a0\u00bb custom_padding=\u00a0\u00bb||0px|||\u00a0\u00bb global_colors_info=\u00a0\u00bb{}\u00a0\u00bb][et_pb_row _builder_version=\u00a0\u00bb4.16&Prime; _module_preset=\u00a0\u00bbdefault\u00a0\u00bb global_colors_info=\u00a0\u00bb{}\u00a0\u00bb][et_pb_column type=\u00a0\u00bb4_4&Prime; _builder_version=\u00a0\u00bb4.16&Prime; _module_preset=\u00a0\u00bbdefault\u00a0\u00bb global_colors_info=\u00a0\u00bb{}\u00a0\u00bb][et_pb_text _builder_version=\u00a0\u00bb4.27.5&Prime; _module_preset=\u00a0\u00bbdefault\u00a0\u00bb header_font=\u00a0\u00bbRomantic couple|700|||||||\u00a0\u00bb header_text_align=\u00a0\u00bbcenter\u00a0\u00bb header_text_color=\u00a0\u00bb#b48f7b\u00a0\u00bb header_font_size=\u00a0\u00bb60px\u00a0\u00bb hover_enabled=\u00a0\u00bb0&Prime; global_colors_info=\u00a0\u00bb{}\u00a0\u00bb sticky_enabled=\u00a0\u00bb0&Prime;]<\/p>\n<h1><strong>Lieu de shooting dans les Gorges de l\u2019Ard\u00e8che pour vos photos et tournages<\/strong><\/h1>\n<p>[\/et_pb_text][et_pb_text admin_label=\u00a0\u00bbLe Domaine Walbaum est issu d\u2019une longue tradition viticole familiale\u2026\u00a0\u00bb _builder_version=\u00a0\u00bb4.27.5&Prime; _module_preset=\u00a0\u00bbdefault\u00a0\u00bb header_font_size=\u00a0\u00bb22px\u00a0\u00bb header_3_text_align=\u00a0\u00bbcenter\u00a0\u00bb custom_padding=\u00a0\u00bb2%||2%||true|false\u00a0\u00bb hover_enabled=\u00a0\u00bb0&Prime; global_colors_info=\u00a0\u00bb{}\u00a0\u00bb sticky_enabled=\u00a0\u00bb0&Prime;]<\/p>\n<p style=\"text-align: center;\">Au <strong>Domaine Walbaum<\/strong>, nous mettons \u00e0 votre disposition un <strong>lieu de shooting dans les Gorges de l\u2019Ard\u00e8che<\/strong> \u00e0 la fois \u00e9l\u00e9gant, naturel et parfaitement adapt\u00e9 aux besoins des \u00e9quipes photo et vid\u00e9o. Nich\u00e9 au c\u0153ur des vignes, entre parc et bois, notre domaine offre une grande vari\u00e9t\u00e9 de d\u00e9cors pour sublimer vos projets d\u2019image.<\/p>\n<p style=\"text-align: center;\">Que vous recherchiez un <strong>lieu de tournage dans les Gorges de l\u2019Ard\u00e8che<\/strong> pour une campagne de marque, un shooting mode, la mise en valeur de produits (comme des v\u00e9hicules) ou la r\u00e9alisation de contenus sportifs, vous b\u00e9n\u00e9ficiez ici d\u2019un cadre unique en Sud Ard\u00e8che. Nous vous accueillons dans un environnement pr\u00e9serv\u00e9, \u00e0 l\u2019\u00e9cart des regards, pour travailler sereinement, en toute confidentialit\u00e9.<\/p>\n<p style=\"text-align: center;\">Notre volont\u00e9 : vous offrir un d\u00e9cor complet, modulable, o\u00f9 chaque espace \u2013 int\u00e9rieur comme ext\u00e9rieur \u2013 peut devenir un v\u00e9ritable studio \u00e0 ciel ouvert pour votre production.<\/p>\n<p style=\"text-align: center;\">Organisez votre <a href=\"https:\/\/domainewalbaum.com\/evenements\/\">s\u00e9minaire d\u2019entreprise sans les Gorges de l&rsquo;Ard\u00e8che<\/a> ?<\/p>\n<p>[\/et_pb_text][\/et_pb_column][\/et_pb_row][\/et_pb_section][et_pb_section fb_built=\u00a0\u00bb1&Prime; _builder_version=\u00a0\u00bb4.27.0&Prime; _module_preset=\u00a0\u00bbdefault\u00a0\u00bb global_colors_info=\u00a0\u00bb{}\u00a0\u00bb][et_pb_row _builder_version=\u00a0\u00bb4.27.4&Prime; _module_preset=\u00a0\u00bbdefault\u00a0\u00bb custom_padding=\u00a0\u00bb||0px|||\u00a0\u00bb global_colors_info=\u00a0\u00bb{}\u00a0\u00bb min_height__hover_enabled=\u00a0\u00bbon|desktop\u00a0\u00bb][et_pb_column type=\u00a0\u00bb4_4&Prime; _builder_version=\u00a0\u00bb4.16&Prime; _module_preset=\u00a0\u00bbdefault\u00a0\u00bb global_colors_info=\u00a0\u00bb{}\u00a0\u00bb][et_pb_text _builder_version=\u00a0\u00bb4.27.5&Prime; _module_preset=\u00a0\u00bbdefault\u00a0\u00bb header_font=\u00a0\u00bbRomantic couple|700|||||||\u00a0\u00bb header_text_align=\u00a0\u00bbcenter\u00a0\u00bb header_text_color=\u00a0\u00bb#b48f7b\u00a0\u00bb header_font_size=\u00a0\u00bb60px\u00a0\u00bb header_2_font=\u00a0\u00bbRomantic couple|700|||||||\u00a0\u00bb header_2_text_align=\u00a0\u00bbcenter\u00a0\u00bb header_2_text_color=\u00a0\u00bb#B48F7B\u00a0\u00bb header_2_font_size=\u00a0\u00bb45px\u00a0\u00bb hover_enabled=\u00a0\u00bb0&Prime; global_colors_info=\u00a0\u00bb{}\u00a0\u00bb sticky_enabled=\u00a0\u00bb0&Prime;]<\/p>\n<h2><strong>Un d\u00e9cor naturel d\u2019exception pour vos shootings et tournages<\/strong><\/h2>\n<p>[\/et_pb_text][et_pb_text _builder_version=\u00a0\u00bb4.27.5&Prime; _module_preset=\u00a0\u00bbdefault\u00a0\u00bb text_font=\u00a0\u00bb||||||||\u00a0\u00bb text_font_size=\u00a0\u00bb15px\u00a0\u00bb custom_padding=\u00a0\u00bb||41px|||\u00a0\u00bb animation_direction=\u00a0\u00bbleft\u00a0\u00bb hover_enabled=\u00a0\u00bb0&Prime; global_colors_info=\u00a0\u00bb{}\u00a0\u00bb sticky_enabled=\u00a0\u00bb0&Prime;]<\/p>\n<p style=\"text-align: justify;\">\n<p>En choisissant notre <strong>lieu de shooting dans les Gorges de l\u2019Ard\u00e8che<\/strong>, vous profitez d\u2019une diversit\u00e9 de paysages rare sur un m\u00eame site. Les vignes, le parc et le bois se succ\u00e8dent et se compl\u00e8tent, permettant de varier les ambiances et les sc\u00e9narios au fil de la journ\u00e9e.<\/p>\n<p>Le domaine est particuli\u00e8rement adapt\u00e9 \u00e0 diff\u00e9rents types de projets :<\/p>\n<ul>\n<li>Shooting mode en ext\u00e9rieur, avec la b\u00e2tisse et les vignes en toile de fond.<\/li>\n<li>Mise en valeur de produits dans un environnement chic et naturel.<\/li>\n<li>Sc\u00e8nes sportives avec des espaces d\u00e9gag\u00e9s au c\u0153ur de la nature.<\/li>\n<\/ul>\n<p>Ce <strong>lieu de tournage dans les Gorges de l\u2019Ard\u00e8che<\/strong> offre \u00e9galement un v\u00e9ritable confort de travail : acc\u00e8s facile, espaces calmes, nombreux angles de vue exploitables. Entre vignes et bois, \u00e0 l\u2019\u00e9cart des regards, vous pouvez imaginer des sc\u00e9narios vari\u00e9s, alterner plans serr\u00e9s et larges panoramiques, et profiter de la lumi\u00e8re naturelle aux meilleures p\u00e9riodes de l\u2019ann\u00e9e.<\/p>\n<p>Pour compl\u00e9ter votre projet, vous pouvez associer les prises de vue ext\u00e9rieures avec des moments plus intimistes dans le domaine, ou profiter d\u2019un temps fort autour du <a href=\"https:\/\/domainewalbaum.com\/vignoble-walbaum\/\"><strong>Vignoble<\/strong><\/a> du domaine, v\u00e9ritable signature de notre environnement.<\/p>\n<ul><\/ul>\n<p>[\/et_pb_text][\/et_pb_column][\/et_pb_row][et_pb_row column_structure=\u00a0\u00bb1_2,1_2&Prime; _builder_version=\u00a0\u00bb4.27.4&Prime; _module_preset=\u00a0\u00bbdefault\u00a0\u00bb custom_margin=\u00a0\u00bb|auto|29px|auto||\u00a0\u00bb global_colors_info=\u00a0\u00bb{}\u00a0\u00bb][et_pb_column type=\u00a0\u00bb1_2&Prime; _builder_version=\u00a0\u00bb4.27.4&Prime; _module_preset=\u00a0\u00bbdefault\u00a0\u00bb global_colors_info=\u00a0\u00bb{}\u00a0\u00bb][et_pb_image src=\u00a0\u00bbhttps:\/\/domainewalbaum.com\/wp-content\/uploads\/2025\/12\/20240522_120155-scaled.jpg\u00a0\u00bb title_text=\u00a0\u00bbLieu de shooting dans les Gorges de l\u2019Ard\u00e8che\u00a0\u00bb _builder_version=\u00a0\u00bb4.27.5&Prime; _module_preset=\u00a0\u00bbdefault\u00a0\u00bb custom_padding=\u00a0\u00bb||0px|||\u00a0\u00bb hover_enabled=\u00a0\u00bb0&Prime; global_colors_info=\u00a0\u00bb{}\u00a0\u00bb sticky_enabled=\u00a0\u00bb0&Prime; alt=\u00a0\u00bbLieu de shooting dans les Gorges de l\u2019Ard\u00e8che\u00a0\u00bb][\/et_pb_image][\/et_pb_column][et_pb_column type=\u00a0\u00bb1_2&Prime; _builder_version=\u00a0\u00bb4.27.4&Prime; _module_preset=\u00a0\u00bbdefault\u00a0\u00bb global_colors_info=\u00a0\u00bb{}\u00a0\u00bb][et_pb_image src=\u00a0\u00bbhttps:\/\/domainewalbaum.com\/wp-content\/uploads\/2025\/12\/IMG20210922192016-scaled.jpg\u00a0\u00bb title_text=\u00a0\u00bboppo_0&Prime; _builder_version=\u00a0\u00bb4.27.5&Prime; _module_preset=\u00a0\u00bbdefault\u00a0\u00bb custom_padding=\u00a0\u00bb38px|||||\u00a0\u00bb hover_enabled=\u00a0\u00bb0&Prime; global_colors_info=\u00a0\u00bb{}\u00a0\u00bb sticky_enabled=\u00a0\u00bb0&Prime;][\/et_pb_image][\/et_pb_column][\/et_pb_row][et_pb_row _builder_version=\u00a0\u00bb4.27.4&Prime; _module_preset=\u00a0\u00bbdefault\u00a0\u00bb global_colors_info=\u00a0\u00bb{}\u00a0\u00bb][et_pb_column type=\u00a0\u00bb4_4&Prime; _builder_version=\u00a0\u00bb4.27.4&Prime; _module_preset=\u00a0\u00bbdefault\u00a0\u00bb global_colors_info=\u00a0\u00bb{}\u00a0\u00bb][et_pb_text _builder_version=\u00a0\u00bb4.27.5&Prime; _module_preset=\u00a0\u00bbdefault\u00a0\u00bb header_font=\u00a0\u00bbRomantic couple|700|||||||\u00a0\u00bb header_text_align=\u00a0\u00bbcenter\u00a0\u00bb header_text_color=\u00a0\u00bb#b48f7b\u00a0\u00bb header_font_size=\u00a0\u00bb60px\u00a0\u00bb header_2_font=\u00a0\u00bbRomantic couple|700|||||||\u00a0\u00bb header_2_text_align=\u00a0\u00bbcenter\u00a0\u00bb header_2_text_color=\u00a0\u00bb#B48F7B\u00a0\u00bb header_2_font_size=\u00a0\u00bb45px\u00a0\u00bb hover_enabled=\u00a0\u00bb0&Prime; global_colors_info=\u00a0\u00bb{}\u00a0\u00bb sticky_enabled=\u00a0\u00bb0&Prime;]<\/p>\n<h2><strong>Une b\u00e2tisse de caract\u00e8re et des int\u00e9rieurs sc\u00e9nographiques<\/strong><\/h2>\n<p>[\/et_pb_text][\/et_pb_column][\/et_pb_row][et_pb_row _builder_version=\u00a0\u00bb4.27.4&Prime; _module_preset=\u00a0\u00bbdefault\u00a0\u00bb global_colors_info=\u00a0\u00bb{}\u00a0\u00bb][et_pb_column type=\u00a0\u00bb4_4&Prime; _builder_version=\u00a0\u00bb4.16&Prime; _module_preset=\u00a0\u00bbdefault\u00a0\u00bb global_colors_info=\u00a0\u00bb{}\u00a0\u00bb][et_pb_text _builder_version=\u00a0\u00bb4.27.5&Prime; _module_preset=\u00a0\u00bbdefault\u00a0\u00bb text_font=\u00a0\u00bb||||||||\u00a0\u00bb text_font_size=\u00a0\u00bb15px\u00a0\u00bb animation_direction=\u00a0\u00bbright\u00a0\u00bb hover_enabled=\u00a0\u00bb0&Prime; global_colors_info=\u00a0\u00bb{}\u00a0\u00bb sticky_enabled=\u00a0\u00bb0&Prime;]<\/p>\n<p>Au-del\u00e0 du paysage, notre b\u00e2tisse est un d\u00e9cor \u00e0 part enti\u00e8re. Elle constitue un <strong>lieu de tournage dans les Gorges de l\u2019Ard\u00e8che<\/strong> particuli\u00e8rement int\u00e9ressant pour les r\u00e9alisateurs et photographes \u00e0 la recherche de volumes, de mati\u00e8res et de perspectives fortes.<\/p>\n<p>Plusieurs espaces int\u00e9rieurs sont particuli\u00e8rement appr\u00e9ci\u00e9s pour les shootings :<\/p>\n<ul>\n<li>Un escalier en pierre monolithique, charg\u00e9 de caract\u00e8re et id\u00e9al pour des prises de vue sophistiqu\u00e9es.<\/li>\n<li>Un escalier r\u00e9solument moderne, parfait pour cr\u00e9er un contraste contemporain.<\/li>\n<li>Le salon d\u2019hiver, avec son lustre imposant et majestueux, qui donne une atmosph\u00e8re chaleureuse et \u00e9l\u00e9gante.<\/li>\n<li>Les diff\u00e9rents salons, modulables, permettant de recr\u00e9er des sc\u00e8nes de vie, des ambiances de r\u00e9ception ou des univers plus intimistes.<\/li>\n<\/ul>\n<p>Gr\u00e2ce \u00e0 ces espaces, vous disposez d\u2019un <strong>lieu de shooting dans les Gorges de l\u2019Ard\u00e8che<\/strong> capable d\u2019accueillir \u00e0 la fois des prises de vue en lumi\u00e8re naturelle et des installations lumi\u00e8res plus techniques. La compl\u00e9mentarit\u00e9 entre int\u00e9rieur et ext\u00e9rieur vous permet de construire un storytelling visuel coh\u00e9rent, tout en variant les d\u00e9cors au sein d\u2019une m\u00eame journ\u00e9e.<\/p>\n<p>[\/et_pb_text][\/et_pb_column][\/et_pb_row][et_pb_row column_structure=\u00a0\u00bb1_2,1_2&Prime; _builder_version=\u00a0\u00bb4.27.4&Prime; _module_preset=\u00a0\u00bbdefault\u00a0\u00bb custom_margin=\u00a0\u00bb|auto|29px|auto||\u00a0\u00bb global_colors_info=\u00a0\u00bb{}\u00a0\u00bb][et_pb_column type=\u00a0\u00bb1_2&Prime; _builder_version=\u00a0\u00bb4.27.4&Prime; _module_preset=\u00a0\u00bbdefault\u00a0\u00bb global_colors_info=\u00a0\u00bb{}\u00a0\u00bb][et_pb_image src=\u00a0\u00bbhttps:\/\/domainewalbaum.com\/wp-content\/uploads\/2022\/05\/20220503_121128-scaled.jpg\u00a0\u00bb title_text=\u00a0\u00bb20220503_121128&Prime; _builder_version=\u00a0\u00bb4.27.5&Prime; _module_preset=\u00a0\u00bbdefault\u00a0\u00bb custom_padding=\u00a0\u00bb||0px|||\u00a0\u00bb hover_enabled=\u00a0\u00bb0&Prime; global_colors_info=\u00a0\u00bb{}\u00a0\u00bb sticky_enabled=\u00a0\u00bb0&Prime; alt=\u00a0\u00bbLieu de shooting dans les Gorges de l\u2019Ard\u00e8che\u00a0\u00bb][\/et_pb_image][\/et_pb_column][et_pb_column type=\u00a0\u00bb1_2&Prime; _builder_version=\u00a0\u00bb4.27.4&Prime; _module_preset=\u00a0\u00bbdefault\u00a0\u00bb global_colors_info=\u00a0\u00bb{}\u00a0\u00bb][et_pb_image src=\u00a0\u00bbhttps:\/\/domainewalbaum.com\/wp-content\/uploads\/2025\/12\/IMG-20250712-WA0014.jpg\u00a0\u00bb title_text=\u00a0\u00bbIMG-20250712-WA0014&Prime; _builder_version=\u00a0\u00bb4.27.5&Prime; _module_preset=\u00a0\u00bbdefault\u00a0\u00bb custom_padding=\u00a0\u00bb38px|||||\u00a0\u00bb hover_enabled=\u00a0\u00bb0&Prime; global_colors_info=\u00a0\u00bb{}\u00a0\u00bb sticky_enabled=\u00a0\u00bb0&Prime;][\/et_pb_image][\/et_pb_column][\/et_pb_row][et_pb_row _builder_version=\u00a0\u00bb4.27.4&Prime; _module_preset=\u00a0\u00bbdefault\u00a0\u00bb global_colors_info=\u00a0\u00bb{}\u00a0\u00bb][et_pb_column type=\u00a0\u00bb4_4&Prime; _builder_version=\u00a0\u00bb4.27.4&Prime; _module_preset=\u00a0\u00bbdefault\u00a0\u00bb global_colors_info=\u00a0\u00bb{}\u00a0\u00bb][et_pb_text _builder_version=\u00a0\u00bb4.27.5&Prime; _module_preset=\u00a0\u00bbdefault\u00a0\u00bb header_font=\u00a0\u00bbRomantic couple|700|||||||\u00a0\u00bb header_text_align=\u00a0\u00bbcenter\u00a0\u00bb header_text_color=\u00a0\u00bb#b48f7b\u00a0\u00bb header_font_size=\u00a0\u00bb60px\u00a0\u00bb header_2_font=\u00a0\u00bbRomantic couple|700|||||||\u00a0\u00bb header_2_text_align=\u00a0\u00bbcenter\u00a0\u00bb header_2_text_color=\u00a0\u00bb#B48F7B\u00a0\u00bb header_2_font_size=\u00a0\u00bb45px\u00a0\u00bb hover_enabled=\u00a0\u00bb0&Prime; global_colors_info=\u00a0\u00bb{}\u00a0\u00bb sticky_enabled=\u00a0\u00bb0&Prime;]<\/p>\n<h2><strong>Un lieu pens\u00e9 pour les \u00e9quipes : h\u00e9bergement, restauration et logistique<\/strong><\/h2>\n<p>[\/et_pb_text][\/et_pb_column][\/et_pb_row][et_pb_row _builder_version=\u00a0\u00bb4.27.4&Prime; _module_preset=\u00a0\u00bbdefault\u00a0\u00bb global_colors_info=\u00a0\u00bb{}\u00a0\u00bb][et_pb_column type=\u00a0\u00bb4_4&Prime; _builder_version=\u00a0\u00bb4.16&Prime; _module_preset=\u00a0\u00bbdefault\u00a0\u00bb global_colors_info=\u00a0\u00bb{}\u00a0\u00bb][et_pb_text _builder_version=\u00a0\u00bb4.27.5&Prime; _module_preset=\u00a0\u00bbdefault\u00a0\u00bb text_font=\u00a0\u00bb||||||||\u00a0\u00bb text_font_size=\u00a0\u00bb15px\u00a0\u00bb animation_direction=\u00a0\u00bbright\u00a0\u00bb hover_enabled=\u00a0\u00bb0&Prime; global_colors_info=\u00a0\u00bb{}\u00a0\u00bb sticky_enabled=\u00a0\u00bb0&Prime;]<\/p>\n<p>Pour les productions n\u00e9cessitant plusieurs jours de travail, notre domaine offre un atout majeur : la possibilit\u00e9 d\u2019h\u00e9berger les \u00e9quipes sur place. Notre <a href=\"https:\/\/domainewalbaum.com\/hotel-villa-walbaum\/\">h\u00f4tel 4 \u00e9toiles en Ard\u00e8che<\/a> permet de loger les talents, les techniciens et les clients dans un cadre sublime, \u00e0 quelques pas seulement des lieux de prise de vue.<\/p>\n<p>Nous pouvons \u00e9galement organiser, sur demande, une restauration sur place adapt\u00e9e au rythme de votre production (petits-d\u00e9jeuners, pauses, d\u00e9jeuners, d\u00eeners). Cela facilite grandement la logistique et vous permet de rester concentr\u00e9s sur l\u2019essentiel : vos images.<\/p>\n<p>Le <strong>Domaine Walbaum<\/strong> accueille d\u00e9j\u00e0 diff\u00e9rents types d\u2019\u00e9v\u00e9nements. Vous pouvez par exemple <a href=\"https:\/\/domainewalbaum.com\/evenements\/\">D\u00e9couvrir nos \u00e9v\u00e9nements<\/a> pour mieux appr\u00e9hender les capacit\u00e9s d\u2019accueil du lieu, ou vous inspirer de nos espaces utilis\u00e9s <a href=\"https:\/\/domainewalbaum.com\/mariage-gorges-ardeche\/\">pour un mariage dans les Gorges de l&rsquo;Ard\u00e8che<\/a>, qui peuvent \u00e9galement se pr\u00eater \u00e0 des tournages ou shootings d\u2019envergure.<\/p>\n<p>En choisissant notre domaine comme <strong>lieu de shooting dans les Gorges de l\u2019Ard\u00e8che<\/strong>, vous gagnez en efficacit\u00e9 : un seul lieu, un interlocuteur unique, des \u00e9quipes log\u00e9es sur place et un environnement totalement d\u00e9di\u00e9 \u00e0 votre projet.<\/p>\n<p>[\/et_pb_text][\/et_pb_column][\/et_pb_row][\/et_pb_section][et_pb_section fb_built=\u00a0\u00bb1&Prime; _builder_version=\u00a0\u00bb4.27.4&Prime; _module_preset=\u00a0\u00bbdefault\u00a0\u00bb global_colors_info=\u00a0\u00bb{}\u00a0\u00bb][et_pb_row column_structure=\u00a0\u00bb1_2,1_2&Prime; _builder_version=\u00a0\u00bb4.27.4&Prime; _module_preset=\u00a0\u00bbdefault\u00a0\u00bb custom_padding=\u00a0\u00bb||0px|||\u00a0\u00bb global_colors_info=\u00a0\u00bb{}\u00a0\u00bb][et_pb_column type=\u00a0\u00bb1_2&Prime; _builder_version=\u00a0\u00bb4.16&Prime; _module_preset=\u00a0\u00bbdefault\u00a0\u00bb global_colors_info=\u00a0\u00bb{}\u00a0\u00bb][et_pb_image src=\u00a0\u00bbhttps:\/\/domainewalbaum.com\/wp-content\/uploads\/2022\/06\/Hotel-Villa-Walbaum-1-scaled.jpg\u00a0\u00bb title_text=\u00a0\u00bbH\u00f4tel Villa Walbaum 1&Prime; _builder_version=\u00a0\u00bb4.27.5&Prime; _module_preset=\u00a0\u00bbdefault\u00a0\u00bb hover_enabled=\u00a0\u00bb0&Prime; global_colors_info=\u00a0\u00bb{}\u00a0\u00bb sticky_enabled=\u00a0\u00bb0&Prime; alt=\u00a0\u00bbH\u00f4tel Villa Walbaum &#8211; \u00e9chap\u00e9e improvis\u00e9e\u00a0\u00bb][\/et_pb_image][\/et_pb_column][et_pb_column type=\u00a0\u00bb1_2&Prime; _builder_version=\u00a0\u00bb4.16&Prime; _module_preset=\u00a0\u00bbdefault\u00a0\u00bb global_colors_info=\u00a0\u00bb{}\u00a0\u00bb][et_pb_text _builder_version=\u00a0\u00bb4.27.5&Prime; _module_preset=\u00a0\u00bbdefault\u00a0\u00bb header_font=\u00a0\u00bbRomantic couple|700|||||||\u00a0\u00bb header_text_align=\u00a0\u00bbcenter\u00a0\u00bb header_text_color=\u00a0\u00bb#b48f7b\u00a0\u00bb header_font_size=\u00a0\u00bb60px\u00a0\u00bb header_2_font=\u00a0\u00bbRomantic couple|700|||||||\u00a0\u00bb header_2_text_align=\u00a0\u00bbcenter\u00a0\u00bb header_2_text_color=\u00a0\u00bb#B48F7B\u00a0\u00bb header_2_font_size=\u00a0\u00bb45px\u00a0\u00bb hover_enabled=\u00a0\u00bb0&Prime; global_colors_info=\u00a0\u00bb{}\u00a0\u00bb sticky_enabled=\u00a0\u00bb0&Prime;]<\/p>\n<h2><strong>Organiser votre prochain shooting ou tournage aux Gorges de l\u2019Ard\u00e8che<\/strong><\/h2>\n<p>[\/et_pb_text][et_pb_text _builder_version=\u00a0\u00bb4.27.5&Prime; _module_preset=\u00a0\u00bbdefault\u00a0\u00bb text_font=\u00a0\u00bb||||||||\u00a0\u00bb text_font_size=\u00a0\u00bb15px\u00a0\u00bb animation_direction=\u00a0\u00bbleft\u00a0\u00bb hover_enabled=\u00a0\u00bb0&Prime; global_colors_info=\u00a0\u00bb{}\u00a0\u00bb sticky_enabled=\u00a0\u00bb0&Prime;]<\/p>\n<p>Choisir le Domaine Walbaum comme <strong>lieu de shooting dans les Gorges de l\u2019Ard\u00e8che<\/strong>, c\u2019est b\u00e9n\u00e9ficier d\u2019un cadre naturel riche (vignes, parc, bois), d\u2019une b\u00e2tisse de caract\u00e8re et d\u2019int\u00e9rieurs sc\u00e9nographiques, mais aussi d\u2019une organisation pens\u00e9e pour les \u00e9quipes professionnelles. Le tout dans un environnement privil\u00e9gi\u00e9, id\u00e9alement situ\u00e9 en Sud Ard\u00e8che.<\/p>\n<p>Nous recommandons particuli\u00e8rement le printemps et l\u2019automne pour profiter d\u2019une lumi\u00e8re douce et d\u2019une v\u00e9g\u00e9tation magnifique. Les shootings et tournages sont possibles toute l\u2019ann\u00e9e, hors juillet-ao\u00fbt, afin de garantir le confort de tous et des conditions optimales de travail. Que vous recherchiez un <strong>lieu de tournage dans les Gorges de l\u2019Ard\u00e8che<\/strong> pour quelques heures ou pour plusieurs jours, nous \u00e9tudions votre projet et vous accompagnons dans la pr\u00e9paration de votre venue.<\/p>\n<p>Pour d\u00e9couvrir davantage l\u2019univers du <a href=\"https:\/\/domainewalbaum.com\/\">Domaine Walbaum<\/a> et la richesse de notre <a href=\"https:\/\/domainewalbaum.com\/vignoble-walbaum\/\">Vignoble<\/a>, ou pour imaginer un projet combinant shooting, tournage et \u00e9v\u00e9nement, nous sommes \u00e0 votre \u00e9coute. Pour toute demande d\u2019information, de rep\u00e9rage ou de devis, n\u2019h\u00e9sitez pas \u00e0 nous <a href=\"https:\/\/domainewalbaum.com\/contact-acces\/\">contactez-nous<\/a> : nous serons ravis d\u2019\u00e9tudier avec vous la meilleure mani\u00e8re de mettre en sc\u00e8ne votre projet dans ce cadre d\u2019exception.<\/p>\n<p>[\/et_pb_text][\/et_pb_column][\/et_pb_row][\/et_pb_section]<\/p>\n","protected":false},"excerpt":{"rendered":"<p>Lieu de shooting dans les Gorges de l\u2019Ard\u00e8che pour vos photos et tournagesAu Domaine Walbaum, nous mettons \u00e0 votre disposition un lieu de shooting dans les Gorges de l\u2019Ard\u00e8che \u00e0 la fois \u00e9l\u00e9gant, naturel et parfaitement adapt\u00e9 aux besoins des \u00e9quipes photo et vid\u00e9o. Nich\u00e9 au c\u0153ur des vignes, entre parc et bois, notre domaine [&hellip;]<\/p>\n","protected":false},"author":1,"featured_media":6422,"parent":0,"menu_order":0,"comment_status":"closed","ping_status":"closed","template":"","meta":{"_et_pb_use_builder":"on","_et_pb_old_content":"","_et_gb_content_width":"","footnotes":""},"class_list":["post-6418","page","type-page","status-publish","has-post-thumbnail","hentry"],"_links":{"self":[{"href":"https:\/\/domainewalbaum.com\/en\/wp-json\/wp\/v2\/pages\/6418","targetHints":{"allow":["GET"]}}],"collection":[{"href":"https:\/\/domainewalbaum.com\/en\/wp-json\/wp\/v2\/pages"}],"about":[{"href":"https:\/\/domainewalbaum.com\/en\/wp-json\/wp\/v2\/types\/page"}],"author":[{"embeddable":true,"href":"https:\/\/domainewalbaum.com\/en\/wp-json\/wp\/v2\/users\/1"}],"replies":[{"embeddable":true,"href":"https:\/\/domainewalbaum.com\/en\/wp-json\/wp\/v2\/comments?post=6418"}],"version-history":[{"count":4,"href":"https:\/\/domainewalbaum.com\/en\/wp-json\/wp\/v2\/pages\/6418\/revisions"}],"predecessor-version":[{"id":6427,"href":"https:\/\/domainewalbaum.com\/en\/wp-json\/wp\/v2\/pages\/6418\/revisions\/6427"}],"wp:featuredmedia":[{"embeddable":true,"href":"https:\/\/domainewalbaum.com\/en\/wp-json\/wp\/v2\/media\/6422"}],"wp:attachment":[{"href":"https:\/\/domainewalbaum.com\/en\/wp-json\/wp\/v2\/media?parent=6418"}],"curies":[{"name":"wp","href":"https:\/\/api.w.org\/{rel}","templated":true}]}}